{"id":2225,"date":"2020-09-21T08:19:19","date_gmt":"2020-09-21T08:19:19","guid":{"rendered":"https:\/\/www.cochesocasion4all.es\/?page_id=2225"},"modified":"2021-06-20T17:57:45","modified_gmt":"2021-06-20T17:57:45","slug":"about-us","status":"publish","type":"page","link":"https:\/\/www.cochesocasion4all.es\/en\/about-us\/","title":{"rendered":"About Us"},"content":{"rendered":"<p>[vc_row full_width=&#8221;stretch_row_content_no_spaces&#8221;][vc_column]<div class=\"page-heading\" ><div class=\"breadcrumbs\"><div class=\"container\"><div class=\"row\"><div class=\"col-xs-12\"><ul><li><a  href=\"https:\/\/www.cochesocasion4all.es\/en\/\" title=\"Home\" rel=\"bookmark\">Home<\/a> <span>&rsaquo; <\/span> <\/li>  <\/ul><\/div><\/div><\/div><\/div><div class=\"page-title\"><h1>About Us<\/h1><\/div><\/div>[\/vc_column][\/vc_row][vc_row css=&#8221;.vc_custom_1599639142339{margin-top: 30px !important;}&#8221; el_class=&#8221;flex-responsive&#8221;][vc_column width=&#8221;1\/4&#8243;][vc_widget_sidebar sidebar_id=&#8221;vehicle-sidebar&#8221;][\/vc_column][vc_column width=&#8221;3\/4&#8243; activate_box=&#8221;yes&#8221;][vc_column_text el_class=&#8221;parrafo&#8221;]<strong>Coches Ocasi\u00f3n 4 All<\/strong> is a company dedicated to the purchase and sale of used cars, mainly online, which was born more than 10 years ago in the elections of the digital revolution.<\/p>\n<p>Our Mission is to reduce fixed costs in order to offer the customer the best value for money vehicles.<\/p>\n<p>Our main sales channel is Online, offering the greatest transparency in the entire buying and selling process, the best conditions for keeping our vehicles and the best after-sales services, including a mechanical guarantee of up to 24 months.<\/p>\n<p>We have an Agency that processes all kinds of documentation electronically so that the client can obtain it in the shortest possible time, without expense and without any formality.<\/p>\n<p>We also have a Financial Team to be able to offer the best financing conditions for your vehicle and with a digital signature to be able to read the contract and sign it from your Tablet, computer or mobile phone at home, offering the greatest comfort and without any displacement.<br \/>\nAll our vehicles are reviewed in workshops and reconditioned to be able to deliver them in an optimal state.<\/p>\n<p>And we deliver the vehicle to your home if necessary, we have a logistics team that will deliver to any point in Spain as quickly as possible and without any complications.<\/p>\n<p>&#8220;Our commitment is to offer 5-star quality throughout the purchase process of your vehicle and that the customer is satisfied with their new vehicle&#8221;[\/vc_column_text][\/vc_column][\/vc_row]<\/p>\n","protected":false},"excerpt":{"rendered":"<p>[vc_row full_width=&#8221;stretch_row_content_no_spaces&#8221;][vc_column][\/vc_column][\/vc_row][vc_row css=&#8221;.vc_custom_1599639142339{margin-top: 30px !important;}&#8221; el_class=&#8221;flex-responsive&#8221;][vc_column width=&#8221;1\/4&#8243;][vc_widget_sidebar sidebar_id=&#8221;vehicle-sidebar&#8221;][\/vc_column][vc_column width=&#8221;3\/4&#8243; activate_box=&#8221;yes&#8221;][vc_column_text el_class=&#8221;parrafo&#8221;]Coches Ocasi\u00f3n 4 All is a company dedicated to the purchase and sale of used cars, mainly online, which was born more than 10 years ago in the elections of the digital revolution. Our Mission is to reduce fixed costs in order to offer the<\/p>\n<div class=\"klb-readmore\"><a href=\"https:\/\/www.cochesocasion4all.es\/en\/about-us\/\" class=\"btn\">READ MORE<\/a><\/div>\n","protected":false},"author":1,"featured_media":0,"parent":0,"menu_order":0,"comment_status":"closed","ping_status":"closed","template":"","meta":{"footnotes":""},"class_list":["post-2225","page","type-page","status-publish","hentry","blog_entry clearfix"],"yoast_head":"<!-- This site is optimized with the Yoast SEO plugin v27.1.1 - https:\/\/yoast.com\/product\/yoast-seo-wordpress\/ -->\n<title>Coches Ocasi\u00f3n 4all | We guarantee the purchase of your car<\/title>\n<meta name=\"description\" content=\"\u25c9 BUY YOUR CAR ONLINE at the Best price. \u25c9 Receive it in 24H. \u2713 Fixed Cost reduction. \u2705 Best Guarantees. \u260e Customer care 687 98 24 91\" \/>\n<meta name=\"robots\" content=\"index, follow, max-snippet:-1, max-image-preview:large, max-video-preview:-1\" \/>\n<link rel=\"canonical\" href=\"https:\/\/www.cochesocasion4all.es\/en\/about-us\/\" \/>\n<meta property=\"og:locale\" content=\"en_US\" \/>\n<meta property=\"og:type\" content=\"article\" \/>\n<meta property=\"og:title\" content=\"Coches Ocasi\u00f3n 4all | We guarantee the purchase of your car\" \/>\n<meta property=\"og:description\" content=\"\u25c9 BUY YOUR CAR ONLINE at the Best price. \u25c9 Receive it in 24H. \u2713 Fixed Cost reduction. \u2705 Best Guarantees. \u260e Customer care 687 98 24 91\" \/>\n<meta property=\"og:url\" content=\"https:\/\/www.cochesocasion4all.es\/en\/about-us\/\" \/>\n<meta property=\"og:site_name\" content=\"Coches Ocasi\u00f3n 4all\" \/>\n<meta property=\"article:modified_time\" content=\"2021-06-20T17:57:45+00:00\" \/>\n<meta name=\"twitter:card\" content=\"summary_large_image\" \/>\n<meta name=\"twitter:label1\" content=\"Est. reading time\" \/>\n\t<meta name=\"twitter:data1\" content=\"2 minutes\" \/>\n<script type=\"application\/ld+json\" class=\"yoast-schema-graph\">{\"@context\":\"https:\/\/schema.org\",\"@graph\":[{\"@type\":\"WebPage\",\"@id\":\"https:\/\/www.cochesocasion4all.es\/en\/about-us\/\",\"url\":\"https:\/\/www.cochesocasion4all.es\/en\/about-us\/\",\"name\":\"Coches Ocasi\u00f3n 4all | We guarantee the purchase of your car\",\"isPartOf\":{\"@id\":\"https:\/\/www.cochesocasion4all.es\/en\/#website\"},\"datePublished\":\"2020-09-21T08:19:19+00:00\",\"dateModified\":\"2021-06-20T17:57:45+00:00\",\"description\":\"\u25c9 BUY YOUR CAR ONLINE at the Best price. \u25c9 Receive it in 24H. \u2713 Fixed Cost reduction. \u2705 Best Guarantees. \u260e Customer care 687 98 24 91\",\"breadcrumb\":{\"@id\":\"https:\/\/www.cochesocasion4all.es\/en\/about-us\/#breadcrumb\"},\"inLanguage\":\"en-US\",\"potentialAction\":[{\"@type\":\"ReadAction\",\"target\":[\"https:\/\/www.cochesocasion4all.es\/en\/about-us\/\"]}]},{\"@type\":\"BreadcrumbList\",\"@id\":\"https:\/\/www.cochesocasion4all.es\/en\/about-us\/#breadcrumb\",\"itemListElement\":[{\"@type\":\"ListItem\",\"position\":1,\"name\":\"Portada\",\"item\":\"https:\/\/www.cochesocasion4all.es\/en\/\"},{\"@type\":\"ListItem\",\"position\":2,\"name\":\"About Us\"}]},{\"@type\":\"WebSite\",\"@id\":\"https:\/\/www.cochesocasion4all.es\/en\/#website\",\"url\":\"https:\/\/www.cochesocasion4all.es\/en\/\",\"name\":\"Coches Ocasi\u00f3n 4all\",\"description\":\"Coches y veh\u00edculos de ocasi\u00f3n | Coches 1 solo due\u00f1o | Pocos Km - Coches de ocasi\u00f3n para todos\",\"publisher\":{\"@id\":\"https:\/\/www.cochesocasion4all.es\/en\/#organization\"},\"potentialAction\":[{\"@type\":\"SearchAction\",\"target\":{\"@type\":\"EntryPoint\",\"urlTemplate\":\"https:\/\/www.cochesocasion4all.es\/en\/?s={search_term_string}\"},\"query-input\":{\"@type\":\"PropertyValueSpecification\",\"valueRequired\":true,\"valueName\":\"search_term_string\"}}],\"inLanguage\":\"en-US\"},{\"@type\":\"Organization\",\"@id\":\"https:\/\/www.cochesocasion4all.es\/en\/#organization\",\"name\":\"Coches Ocasi\u00f3n 4all\",\"url\":\"https:\/\/www.cochesocasion4all.es\/en\/\",\"logo\":{\"@type\":\"ImageObject\",\"inLanguage\":\"en-US\",\"@id\":\"https:\/\/www.cochesocasion4all.es\/en\/#\/schema\/logo\/image\/\",\"url\":\"https:\/\/www.cochesocasion4all.es\/wp-content\/uploads\/2021\/05\/LOGO-HORIZONTAL-PRINCIPAL-mediano.png\",\"contentUrl\":\"https:\/\/www.cochesocasion4all.es\/wp-content\/uploads\/2021\/05\/LOGO-HORIZONTAL-PRINCIPAL-mediano.png\",\"width\":800,\"height\":279,\"caption\":\"Coches Ocasi\u00f3n 4all\"},\"image\":{\"@id\":\"https:\/\/www.cochesocasion4all.es\/en\/#\/schema\/logo\/image\/\"}}]}<\/script>\n<!-- \/ Yoast SEO plugin. -->","yoast_head_json":{"title":"Coches Ocasi\u00f3n 4all | We guarantee the purchase of your car","description":"\u25c9 BUY YOUR CAR ONLINE at the Best price. \u25c9 Receive it in 24H. \u2713 Fixed Cost reduction. \u2705 Best Guarantees. \u260e Customer care 687 98 24 91","robots":{"index":"index","follow":"follow","max-snippet":"max-snippet:-1","max-image-preview":"max-image-preview:large","max-video-preview":"max-video-preview:-1"},"canonical":"https:\/\/www.cochesocasion4all.es\/en\/about-us\/","og_locale":"en_US","og_type":"article","og_title":"Coches Ocasi\u00f3n 4all | We guarantee the purchase of your car","og_description":"\u25c9 BUY YOUR CAR ONLINE at the Best price. \u25c9 Receive it in 24H. \u2713 Fixed Cost reduction. \u2705 Best Guarantees. \u260e Customer care 687 98 24 91","og_url":"https:\/\/www.cochesocasion4all.es\/en\/about-us\/","og_site_name":"Coches Ocasi\u00f3n 4all","article_modified_time":"2021-06-20T17:57:45+00:00","twitter_card":"summary_large_image","twitter_misc":{"Est. reading time":"2 minutes"},"schema":{"@context":"https:\/\/schema.org","@graph":[{"@type":"WebPage","@id":"https:\/\/www.cochesocasion4all.es\/en\/about-us\/","url":"https:\/\/www.cochesocasion4all.es\/en\/about-us\/","name":"Coches Ocasi\u00f3n 4all | We guarantee the purchase of your car","isPartOf":{"@id":"https:\/\/www.cochesocasion4all.es\/en\/#website"},"datePublished":"2020-09-21T08:19:19+00:00","dateModified":"2021-06-20T17:57:45+00:00","description":"\u25c9 BUY YOUR CAR ONLINE at the Best price. \u25c9 Receive it in 24H. \u2713 Fixed Cost reduction. \u2705 Best Guarantees. \u260e Customer care 687 98 24 91","breadcrumb":{"@id":"https:\/\/www.cochesocasion4all.es\/en\/about-us\/#breadcrumb"},"inLanguage":"en-US","potentialAction":[{"@type":"ReadAction","target":["https:\/\/www.cochesocasion4all.es\/en\/about-us\/"]}]},{"@type":"BreadcrumbList","@id":"https:\/\/www.cochesocasion4all.es\/en\/about-us\/#breadcrumb","itemListElement":[{"@type":"ListItem","position":1,"name":"Portada","item":"https:\/\/www.cochesocasion4all.es\/en\/"},{"@type":"ListItem","position":2,"name":"About Us"}]},{"@type":"WebSite","@id":"https:\/\/www.cochesocasion4all.es\/en\/#website","url":"https:\/\/www.cochesocasion4all.es\/en\/","name":"Coches Ocasi\u00f3n 4all","description":"Coches y veh\u00edculos de ocasi\u00f3n | Coches 1 solo due\u00f1o | Pocos Km - Coches de ocasi\u00f3n para todos","publisher":{"@id":"https:\/\/www.cochesocasion4all.es\/en\/#organization"},"potentialAction":[{"@type":"SearchAction","target":{"@type":"EntryPoint","urlTemplate":"https:\/\/www.cochesocasion4all.es\/en\/?s={search_term_string}"},"query-input":{"@type":"PropertyValueSpecification","valueRequired":true,"valueName":"search_term_string"}}],"inLanguage":"en-US"},{"@type":"Organization","@id":"https:\/\/www.cochesocasion4all.es\/en\/#organization","name":"Coches Ocasi\u00f3n 4all","url":"https:\/\/www.cochesocasion4all.es\/en\/","logo":{"@type":"ImageObject","inLanguage":"en-US","@id":"https:\/\/www.cochesocasion4all.es\/en\/#\/schema\/logo\/image\/","url":"https:\/\/www.cochesocasion4all.es\/wp-content\/uploads\/2021\/05\/LOGO-HORIZONTAL-PRINCIPAL-mediano.png","contentUrl":"https:\/\/www.cochesocasion4all.es\/wp-content\/uploads\/2021\/05\/LOGO-HORIZONTAL-PRINCIPAL-mediano.png","width":800,"height":279,"caption":"Coches Ocasi\u00f3n 4all"},"image":{"@id":"https:\/\/www.cochesocasion4all.es\/en\/#\/schema\/logo\/image\/"}}]}},"_links":{"self":[{"href":"https:\/\/www.cochesocasion4all.es\/en\/wp-json\/wp\/v2\/pages\/2225","targetHints":{"allow":["GET"]}}],"collection":[{"href":"https:\/\/www.cochesocasion4all.es\/en\/wp-json\/wp\/v2\/pages"}],"about":[{"href":"https:\/\/www.cochesocasion4all.es\/en\/wp-json\/wp\/v2\/types\/page"}],"author":[{"embeddable":true,"href":"https:\/\/www.cochesocasion4all.es\/en\/wp-json\/wp\/v2\/users\/1"}],"replies":[{"embeddable":true,"href":"https:\/\/www.cochesocasion4all.es\/en\/wp-json\/wp\/v2\/comments?post=2225"}],"version-history":[{"count":3,"href":"https:\/\/www.cochesocasion4all.es\/en\/wp-json\/wp\/v2\/pages\/2225\/revisions"}],"predecessor-version":[{"id":2228,"href":"https:\/\/www.cochesocasion4all.es\/en\/wp-json\/wp\/v2\/pages\/2225\/revisions\/2228"}],"wp:attachment":[{"href":"https:\/\/www.cochesocasion4all.es\/en\/wp-json\/wp\/v2\/media?parent=2225"}],"curies":[{"name":"wp","href":"https:\/\/api.w.org\/{rel}","templated":true}]}}