{"id":2218,"date":"2020-09-21T08:13:20","date_gmt":"2020-09-21T08:13:20","guid":{"rendered":"https:\/\/www.cochesocasion4all.es\/?page_id=2218"},"modified":"2021-06-24T17:20:40","modified_gmt":"2021-06-24T17:20:40","slug":"we-buy-your-car","status":"publish","type":"page","link":"https:\/\/www.cochesocasion4all.es\/en\/we-buy-your-car\/","title":{"rendered":"We buy your car"},"content":{"rendered":"<p>[vc_row full_width=&#8221;stretch_row_content_no_spaces&#8221;][vc_column]<div class=\"page-heading\" ><div class=\"breadcrumbs\"><div class=\"container\"><div class=\"row\"><div class=\"col-xs-12\"><ul><li><a  href=\"https:\/\/www.cochesocasion4all.es\/en\/\" title=\"Home\" rel=\"bookmark\">Home<\/a> <span>&rsaquo; <\/span> <\/li>  <\/ul><\/div><\/div><\/div><\/div><div class=\"page-title\"><h1>We buy your car<\/h1><\/div><\/div>[\/vc_column][\/vc_row][vc_row css=&#8221;.vc_custom_1599639114300{margin-top: 40px !important;margin-bottom: 40px !important;}&#8221; el_class=&#8221;flex-responsive&#8221;][vc_column width=&#8221;1\/4&#8243; klb_responsive=&#8221;.vc_custom_1597149783514{padding-right: 0px !important;padding-left: 0px !important;}&#8221; css=&#8221;.vc_custom_1597149783513{padding-left: 0px !important;}&#8221;][vc_widget_sidebar sidebar_id=&#8221;vehicle-sidebar&#8221;][\/vc_column][vc_column width=&#8221;3\/4&#8243; activate_box=&#8221;yes&#8221;][vc_column_text el_class=&#8221;block-title&#8221;]<\/p>\n<h2>Fill in the form<\/h2>\n<p>[\/vc_column_text]\n<div class=\"wpcf7 no-js\" id=\"wpcf7-f2243-o1\" lang=\"es-ES\" dir=\"ltr\" data-wpcf7-id=\"2243\">\n<div class=\"screen-reader-response\"><p role=\"status\" aria-live=\"polite\" aria-atomic=\"true\"><\/p> <ul><\/ul><\/div>\n<form action=\"\/en\/wp-json\/wp\/v2\/pages\/2218#wpcf7-f2243-o1\" method=\"post\" class=\"wpcf7-form init\" aria-label=\"Formulario de contacto\" novalidate=\"novalidate\" data-status=\"init\">\n<fieldset class=\"hidden-fields-container\"><input type=\"hidden\" name=\"_wpcf7\" value=\"2243\" \/><input type=\"hidden\" name=\"_wpcf7_version\" value=\"6.1.5\" \/><input type=\"hidden\" name=\"_wpcf7_locale\" value=\"es_ES\" \/><input type=\"hidden\" name=\"_wpcf7_unit_tag\" value=\"wpcf7-f2243-o1\" \/><input type=\"hidden\" name=\"_wpcf7_container_post\" value=\"0\" \/><input type=\"hidden\" name=\"_wpcf7_posted_data_hash\" value=\"\" \/><input type=\"hidden\" name=\"_wpcf7_recaptcha_response\" value=\"\" \/>\n<\/fieldset>\n<h3>Vehicle data\n<\/h3>\n<p><label>Brand<\/label><span class=\"wpcf7-form-control-wrap\" data-name=\"marca\"><input size=\"40\" maxlength=\"400\" class=\"wpcf7-form-control wpcf7-text wpcf7-validates-as-required\" aria-required=\"true\" aria-invalid=\"false\" value=\"\" type=\"text\" name=\"marca\" \/><\/span>\n<\/p>\n<p><label>Exact model<\/label><span class=\"wpcf7-form-control-wrap\" data-name=\"modelo-exacto\"><input size=\"40\" maxlength=\"400\" class=\"wpcf7-form-control wpcf7-text wpcf7-validates-as-required\" aria-required=\"true\" aria-invalid=\"false\" value=\"\" type=\"text\" name=\"modelo-exacto\" \/><\/span>\n<\/p>\n<p><label>Motor<\/label><span class=\"wpcf7-form-control-wrap\" data-name=\"motor\"><input size=\"40\" maxlength=\"400\" class=\"wpcf7-form-control wpcf7-text wpcf7-validates-as-required\" aria-required=\"true\" aria-invalid=\"false\" value=\"\" type=\"text\" name=\"motor\" \/><\/span>\n<\/p>\n<p><label> Fuel<\/label><span class=\"wpcf7-form-control-wrap\" data-name=\"combustible\"><input size=\"40\" maxlength=\"400\" class=\"wpcf7-form-control wpcf7-text wpcf7-validates-as-required\" aria-required=\"true\" aria-invalid=\"false\" value=\"\" type=\"text\" name=\"combustible\" \/><\/span>\n<\/p>\n<p><label> Year<\/label><span class=\"wpcf7-form-control-wrap\" data-name=\"ano\"><input size=\"40\" maxlength=\"400\" class=\"wpcf7-form-control wpcf7-text wpcf7-validates-as-required\" aria-required=\"true\" aria-invalid=\"false\" value=\"\" type=\"text\" name=\"ano\" \/><\/span>\n<\/p>\n<p><label> Kms<\/label><span class=\"wpcf7-form-control-wrap\" data-name=\"kms\"><input size=\"40\" maxlength=\"400\" class=\"wpcf7-form-control wpcf7-text wpcf7-validates-as-required\" aria-required=\"true\" aria-invalid=\"false\" value=\"\" type=\"text\" name=\"kms\" \/><\/span>\n<\/p>\n<p><label> Transmission<\/label><span class=\"wpcf7-form-control-wrap\" data-name=\"transmision\"><input size=\"40\" maxlength=\"400\" class=\"wpcf7-form-control wpcf7-text wpcf7-validates-as-required\" aria-required=\"true\" aria-invalid=\"false\" value=\"\" type=\"text\" name=\"transmision\" \/><\/span>\n<\/p>\n<p><label> Color<\/label><span class=\"wpcf7-form-control-wrap\" data-name=\"color\"><input size=\"40\" maxlength=\"400\" class=\"wpcf7-form-control wpcf7-text wpcf7-validates-as-required\" aria-required=\"true\" aria-invalid=\"false\" value=\"\" type=\"text\" name=\"color\" \/><\/span>\n<\/p>\n<p><label>Maintenance history<\/label><span class=\"wpcf7-form-control-wrap\" data-name=\"Maintenance\"><select class=\"wpcf7-form-control wpcf7-select wpcf7-validates-as-required\" aria-required=\"true\" aria-invalid=\"false\" name=\"Maintenance\"><option value=\"Complete\">Complete<\/option><option value=\"Partial\">Partial<\/option><option value=\"no maintenance\">no maintenance<\/option><\/select><\/span>\n<\/p>\n<p><label>Attach photos of the vehicle (optional)<\/label><span class=\"wpcf7-form-control-wrap\" data-name=\"images\"><input size=\"40\" class=\"wpcf7-form-control wpcf7-drag-n-drop-file d-none\" aria-invalid=\"false\" type=\"file\" multiple=\"multiple\" data-name=\"images\" data-min=\"0\" data-max=\"15\" data-id=\"2243\" data-version=\"free version 1.3.9.6\" accept=\".\" \/><\/span>\n<\/p>\n<p>&nbsp;\n<\/p>\n<h3>State of conservation\n<\/h3>\n<p><label>Outside<\/label><span class=\"wpcf7-form-control-wrap\" data-name=\"Outer\"><select class=\"wpcf7-form-control wpcf7-select wpcf7-validates-as-required\" aria-required=\"true\" aria-invalid=\"false\" name=\"Outer\"><option value=\"Perfect, no scratches\">Perfect, no scratches<\/option><option value=\"slight scratches\/dents\">slight scratches\/dents<\/option><option value=\"poor general condition, to paint whole\">poor general condition, to paint whole<\/option><\/select><\/span>\n<\/p>\n<p><label> Interior<\/label><span class=\"wpcf7-form-control-wrap\" data-name=\"inner\"><select class=\"wpcf7-form-control wpcf7-select wpcf7-validates-as-required\" aria-required=\"true\" aria-invalid=\"false\" name=\"inner\"><option value=\"Perfect condition, no wear and tear\">Perfect condition, no wear and tear<\/option><option value=\"Dirty\">Dirty<\/option><option value=\"Burns\">Burns<\/option><option value=\"Unsewn\">Unsewn<\/option><\/select><\/span>\n<\/p>\n<p>&nbsp;\n<\/p>\n<h3>Contact\n<\/h3>\n<p><label> Name and surname* <\/label><span class=\"wpcf7-form-control-wrap\" data-name=\"nombre\"><input size=\"40\" maxlength=\"400\" class=\"wpcf7-form-control wpcf7-text wpcf7-validates-as-required\" aria-required=\"true\" aria-invalid=\"false\" value=\"\" type=\"text\" name=\"nombre\" \/><\/span>\n<\/p>\n<p><label> Email *<\/label><span class=\"wpcf7-form-control-wrap\" data-name=\"email\"><input size=\"40\" maxlength=\"400\" class=\"wpcf7-form-control wpcf7-email wpcf7-validates-as-required wpcf7-text wpcf7-validates-as-email\" aria-required=\"true\" aria-invalid=\"false\" value=\"\" type=\"email\" name=\"email\" \/><\/span>\n<\/p>\n<p><label> Phone *<\/label><span class=\"wpcf7-form-control-wrap\" data-name=\"telefono\"><input size=\"40\" maxlength=\"400\" class=\"wpcf7-form-control wpcf7-text wpcf7-validates-as-required\" aria-required=\"true\" aria-invalid=\"false\" value=\"\" type=\"text\" name=\"telefono\" \/><\/span>\n<\/p>\n<p><label> Comments<\/label><span class=\"wpcf7-form-control-wrap\" data-name=\"comentarios\"><textarea cols=\"5\" rows=\"3\" maxlength=\"2000\" class=\"wpcf7-form-control wpcf7-textarea\" aria-invalid=\"false\" name=\"comentarios\"><\/textarea><\/span>\n<\/p>\n<p><span class=\"wpcf7-form-control-wrap\" data-name=\"rgpd\"><span class=\"wpcf7-form-control wpcf7-acceptance optional\"><span class=\"wpcf7-list-item\"><label><input type=\"checkbox\" name=\"rgpd\" value=\"1\" aria-invalid=\"false\" \/><span class=\"wpcf7-list-item-label\">I have read and accept the <a href=\"politica-privacidad\">Privacy Policy<\/a><\/span><\/label><\/span><\/span><\/span>\n<\/p>\n<p>By sending this form a purchasing manager will contact you in less than 24 hours to finish formalizing an approximate real value of direct purchase for your vehicle without commitment, being the final real value once the vehicle is checked in our facilities.\n<\/p>\n<p>* Vehicles older than 17 years and\/or 250.000km will not be valued.\n<\/p>\n<p><input class=\"wpcf7-form-control wpcf7-submit has-spinner\" type=\"submit\" value=\"Send\" \/>\n<\/p><input type='hidden' class='wpcf7-pum' value='{\"closepopup\":false,\"closedelay\":0,\"openpopup\":false,\"openpopup_id\":0}' \/><div class=\"wpcf7-response-output\" aria-hidden=\"true\"><\/div>\n<\/form>\n<\/div>\n[\/vc_column][\/vc_row][vc_row][vc_column][vc_column_text]<img loading=\"lazy\" decoding=\"async\" class=\"aligncenter wp-image-7013 size-full\" src=\"https:\/\/www.cochesocasion4all.es\/wp-content\/uploads\/2021\/06\/we-buy-your-car.jpg\" alt=\"\" width=\"960\" height=\"377\" srcset=\"https:\/\/www.cochesocasion4all.es\/wp-content\/uploads\/2021\/06\/we-buy-your-car.jpg 960w, https:\/\/www.cochesocasion4all.es\/wp-content\/uploads\/2021\/06\/we-buy-your-car-300x118.jpg 300w, https:\/\/www.cochesocasion4all.es\/wp-content\/uploads\/2021\/06\/we-buy-your-car-768x302.jpg 768w\" sizes=\"auto, (max-width: 960px) 100vw, 960px\" \/>[\/vc_column_text][\/vc_column][\/vc_row]<\/p>\n","protected":false},"excerpt":{"rendered":"<p>[vc_row full_width=&#8221;stretch_row_content_no_spaces&#8221;][vc_column][\/vc_column][\/vc_row][vc_row css=&#8221;.vc_custom_1599639114300{margin-top: 40px !important;margin-bottom: 40px !important;}&#8221; el_class=&#8221;flex-responsive&#8221;][vc_column width=&#8221;1\/4&#8243; klb_responsive=&#8221;.vc_custom_1597149783514{padding-right: 0px !important;padding-left: 0px !important;}&#8221; css=&#8221;.vc_custom_1597149783513{padding-left: 0px !important;}&#8221;][vc_widget_sidebar sidebar_id=&#8221;vehicle-sidebar&#8221;][\/vc_column][vc_column width=&#8221;3\/4&#8243; activate_box=&#8221;yes&#8221;][vc_column_text el_class=&#8221;block-title&#8221;] Fill in the form [\/vc_column_text][\/vc_column][\/vc_row][vc_row][vc_column][vc_column_text][\/vc_column_text][\/vc_column][\/vc_row]<\/p>\n","protected":false},"author":1,"featured_media":0,"parent":0,"menu_order":0,"comment_status":"closed","ping_status":"closed","template":"","meta":{"footnotes":""},"class_list":["post-2218","page","type-page","status-publish","hentry","blog_entry clearfix"],"yoast_head":"<!-- This site is optimized with the Yoast SEO plugin v27.1.1 - https:\/\/yoast.com\/product\/yoast-seo-wordpress\/ -->\n<title>Coches Ocasi\u00f3n 4all | We buy your car at the best price in 30 Min<\/title>\n<meta name=\"description\" content=\"\u2705 WE BUY YOUR SECOND HAND CAR. \u2705 Sell your car at the best price in 30 Min. \u2705 Available 365 days. \u260e CALL US 687 98 24 91\" \/>\n<meta name=\"robots\" content=\"index, follow, max-snippet:-1, max-image-preview:large, max-video-preview:-1\" \/>\n<link rel=\"canonical\" href=\"https:\/\/www.cochesocasion4all.es\/en\/we-buy-your-car\/\" \/>\n<meta property=\"og:locale\" content=\"en_US\" \/>\n<meta property=\"og:type\" content=\"article\" \/>\n<meta property=\"og:title\" content=\"Coches Ocasi\u00f3n 4all | We buy your car at the best price in 30 Min\" \/>\n<meta property=\"og:description\" content=\"\u2705 WE BUY YOUR SECOND HAND CAR. \u2705 Sell your car at the best price in 30 Min. \u2705 Available 365 days. \u260e CALL US 687 98 24 91\" \/>\n<meta property=\"og:url\" content=\"https:\/\/www.cochesocasion4all.es\/en\/we-buy-your-car\/\" \/>\n<meta property=\"og:site_name\" content=\"Coches Ocasi\u00f3n 4all\" \/>\n<meta property=\"article:modified_time\" content=\"2021-06-24T17:20:40+00:00\" \/>\n<meta property=\"og:image\" content=\"https:\/\/www.cochesocasion4all.es\/wp-content\/uploads\/2021\/06\/we-buy-your-car.jpg\" \/>\n<meta name=\"twitter:card\" content=\"summary_large_image\" \/>\n<meta name=\"twitter:label1\" content=\"Est. reading time\" \/>\n\t<meta name=\"twitter:data1\" content=\"1 minute\" \/>\n<script type=\"application\/ld+json\" class=\"yoast-schema-graph\">{\"@context\":\"https:\/\/schema.org\",\"@graph\":[{\"@type\":\"WebPage\",\"@id\":\"https:\/\/www.cochesocasion4all.es\/en\/we-buy-your-car\/\",\"url\":\"https:\/\/www.cochesocasion4all.es\/en\/we-buy-your-car\/\",\"name\":\"Coches Ocasi\u00f3n 4all | We buy your car at the best price in 30 Min\",\"isPartOf\":{\"@id\":\"https:\/\/www.cochesocasion4all.es\/en\/#website\"},\"primaryImageOfPage\":{\"@id\":\"https:\/\/www.cochesocasion4all.es\/en\/we-buy-your-car\/#primaryimage\"},\"image\":{\"@id\":\"https:\/\/www.cochesocasion4all.es\/en\/we-buy-your-car\/#primaryimage\"},\"thumbnailUrl\":\"https:\/\/www.cochesocasion4all.es\/wp-content\/uploads\/2021\/06\/we-buy-your-car.jpg\",\"datePublished\":\"2020-09-21T08:13:20+00:00\",\"dateModified\":\"2021-06-24T17:20:40+00:00\",\"description\":\"\u2705 WE BUY YOUR SECOND HAND CAR. \u2705 Sell your car at the best price in 30 Min. \u2705 Available 365 days. \u260e CALL US 687 98 24 91\",\"breadcrumb\":{\"@id\":\"https:\/\/www.cochesocasion4all.es\/en\/we-buy-your-car\/#breadcrumb\"},\"inLanguage\":\"en-US\",\"potentialAction\":[{\"@type\":\"ReadAction\",\"target\":[\"https:\/\/www.cochesocasion4all.es\/en\/we-buy-your-car\/\"]}]},{\"@type\":\"ImageObject\",\"inLanguage\":\"en-US\",\"@id\":\"https:\/\/www.cochesocasion4all.es\/en\/we-buy-your-car\/#primaryimage\",\"url\":\"https:\/\/www.cochesocasion4all.es\/wp-content\/uploads\/2021\/06\/we-buy-your-car.jpg\",\"contentUrl\":\"https:\/\/www.cochesocasion4all.es\/wp-content\/uploads\/2021\/06\/we-buy-your-car.jpg\"},{\"@type\":\"BreadcrumbList\",\"@id\":\"https:\/\/www.cochesocasion4all.es\/en\/we-buy-your-car\/#breadcrumb\",\"itemListElement\":[{\"@type\":\"ListItem\",\"position\":1,\"name\":\"Portada\",\"item\":\"https:\/\/www.cochesocasion4all.es\/en\/\"},{\"@type\":\"ListItem\",\"position\":2,\"name\":\"We buy your car\"}]},{\"@type\":\"WebSite\",\"@id\":\"https:\/\/www.cochesocasion4all.es\/en\/#website\",\"url\":\"https:\/\/www.cochesocasion4all.es\/en\/\",\"name\":\"Coches Ocasi\u00f3n 4all\",\"description\":\"Coches y veh\u00edculos de ocasi\u00f3n | Coches 1 solo due\u00f1o | Pocos Km - Coches de ocasi\u00f3n para todos\",\"publisher\":{\"@id\":\"https:\/\/www.cochesocasion4all.es\/en\/#organization\"},\"potentialAction\":[{\"@type\":\"SearchAction\",\"target\":{\"@type\":\"EntryPoint\",\"urlTemplate\":\"https:\/\/www.cochesocasion4all.es\/en\/?s={search_term_string}\"},\"query-input\":{\"@type\":\"PropertyValueSpecification\",\"valueRequired\":true,\"valueName\":\"search_term_string\"}}],\"inLanguage\":\"en-US\"},{\"@type\":\"Organization\",\"@id\":\"https:\/\/www.cochesocasion4all.es\/en\/#organization\",\"name\":\"Coches Ocasi\u00f3n 4all\",\"url\":\"https:\/\/www.cochesocasion4all.es\/en\/\",\"logo\":{\"@type\":\"ImageObject\",\"inLanguage\":\"en-US\",\"@id\":\"https:\/\/www.cochesocasion4all.es\/en\/#\/schema\/logo\/image\/\",\"url\":\"https:\/\/www.cochesocasion4all.es\/wp-content\/uploads\/2021\/05\/LOGO-HORIZONTAL-PRINCIPAL-mediano.png\",\"contentUrl\":\"https:\/\/www.cochesocasion4all.es\/wp-content\/uploads\/2021\/05\/LOGO-HORIZONTAL-PRINCIPAL-mediano.png\",\"width\":800,\"height\":279,\"caption\":\"Coches Ocasi\u00f3n 4all\"},\"image\":{\"@id\":\"https:\/\/www.cochesocasion4all.es\/en\/#\/schema\/logo\/image\/\"}}]}<\/script>\n<!-- \/ Yoast SEO plugin. -->","yoast_head_json":{"title":"Coches Ocasi\u00f3n 4all | We buy your car at the best price in 30 Min","description":"\u2705 WE BUY YOUR SECOND HAND CAR. \u2705 Sell your car at the best price in 30 Min. \u2705 Available 365 days. \u260e CALL US 687 98 24 91","robots":{"index":"index","follow":"follow","max-snippet":"max-snippet:-1","max-image-preview":"max-image-preview:large","max-video-preview":"max-video-preview:-1"},"canonical":"https:\/\/www.cochesocasion4all.es\/en\/we-buy-your-car\/","og_locale":"en_US","og_type":"article","og_title":"Coches Ocasi\u00f3n 4all | We buy your car at the best price in 30 Min","og_description":"\u2705 WE BUY YOUR SECOND HAND CAR. \u2705 Sell your car at the best price in 30 Min. \u2705 Available 365 days. \u260e CALL US 687 98 24 91","og_url":"https:\/\/www.cochesocasion4all.es\/en\/we-buy-your-car\/","og_site_name":"Coches Ocasi\u00f3n 4all","article_modified_time":"2021-06-24T17:20:40+00:00","og_image":[{"url":"https:\/\/www.cochesocasion4all.es\/wp-content\/uploads\/2021\/06\/we-buy-your-car.jpg","type":"","width":"","height":""}],"twitter_card":"summary_large_image","twitter_misc":{"Est. reading time":"1 minute"},"schema":{"@context":"https:\/\/schema.org","@graph":[{"@type":"WebPage","@id":"https:\/\/www.cochesocasion4all.es\/en\/we-buy-your-car\/","url":"https:\/\/www.cochesocasion4all.es\/en\/we-buy-your-car\/","name":"Coches Ocasi\u00f3n 4all | We buy your car at the best price in 30 Min","isPartOf":{"@id":"https:\/\/www.cochesocasion4all.es\/en\/#website"},"primaryImageOfPage":{"@id":"https:\/\/www.cochesocasion4all.es\/en\/we-buy-your-car\/#primaryimage"},"image":{"@id":"https:\/\/www.cochesocasion4all.es\/en\/we-buy-your-car\/#primaryimage"},"thumbnailUrl":"https:\/\/www.cochesocasion4all.es\/wp-content\/uploads\/2021\/06\/we-buy-your-car.jpg","datePublished":"2020-09-21T08:13:20+00:00","dateModified":"2021-06-24T17:20:40+00:00","description":"\u2705 WE BUY YOUR SECOND HAND CAR. \u2705 Sell your car at the best price in 30 Min. \u2705 Available 365 days. \u260e CALL US 687 98 24 91","breadcrumb":{"@id":"https:\/\/www.cochesocasion4all.es\/en\/we-buy-your-car\/#breadcrumb"},"inLanguage":"en-US","potentialAction":[{"@type":"ReadAction","target":["https:\/\/www.cochesocasion4all.es\/en\/we-buy-your-car\/"]}]},{"@type":"ImageObject","inLanguage":"en-US","@id":"https:\/\/www.cochesocasion4all.es\/en\/we-buy-your-car\/#primaryimage","url":"https:\/\/www.cochesocasion4all.es\/wp-content\/uploads\/2021\/06\/we-buy-your-car.jpg","contentUrl":"https:\/\/www.cochesocasion4all.es\/wp-content\/uploads\/2021\/06\/we-buy-your-car.jpg"},{"@type":"BreadcrumbList","@id":"https:\/\/www.cochesocasion4all.es\/en\/we-buy-your-car\/#breadcrumb","itemListElement":[{"@type":"ListItem","position":1,"name":"Portada","item":"https:\/\/www.cochesocasion4all.es\/en\/"},{"@type":"ListItem","position":2,"name":"We buy your car"}]},{"@type":"WebSite","@id":"https:\/\/www.cochesocasion4all.es\/en\/#website","url":"https:\/\/www.cochesocasion4all.es\/en\/","name":"Coches Ocasi\u00f3n 4all","description":"Coches y veh\u00edculos de ocasi\u00f3n | Coches 1 solo due\u00f1o | Pocos Km - Coches de ocasi\u00f3n para todos","publisher":{"@id":"https:\/\/www.cochesocasion4all.es\/en\/#organization"},"potentialAction":[{"@type":"SearchAction","target":{"@type":"EntryPoint","urlTemplate":"https:\/\/www.cochesocasion4all.es\/en\/?s={search_term_string}"},"query-input":{"@type":"PropertyValueSpecification","valueRequired":true,"valueName":"search_term_string"}}],"inLanguage":"en-US"},{"@type":"Organization","@id":"https:\/\/www.cochesocasion4all.es\/en\/#organization","name":"Coches Ocasi\u00f3n 4all","url":"https:\/\/www.cochesocasion4all.es\/en\/","logo":{"@type":"ImageObject","inLanguage":"en-US","@id":"https:\/\/www.cochesocasion4all.es\/en\/#\/schema\/logo\/image\/","url":"https:\/\/www.cochesocasion4all.es\/wp-content\/uploads\/2021\/05\/LOGO-HORIZONTAL-PRINCIPAL-mediano.png","contentUrl":"https:\/\/www.cochesocasion4all.es\/wp-content\/uploads\/2021\/05\/LOGO-HORIZONTAL-PRINCIPAL-mediano.png","width":800,"height":279,"caption":"Coches Ocasi\u00f3n 4all"},"image":{"@id":"https:\/\/www.cochesocasion4all.es\/en\/#\/schema\/logo\/image\/"}}]}},"_links":{"self":[{"href":"https:\/\/www.cochesocasion4all.es\/en\/wp-json\/wp\/v2\/pages\/2218","targetHints":{"allow":["GET"]}}],"collection":[{"href":"https:\/\/www.cochesocasion4all.es\/en\/wp-json\/wp\/v2\/pages"}],"about":[{"href":"https:\/\/www.cochesocasion4all.es\/en\/wp-json\/wp\/v2\/types\/page"}],"author":[{"embeddable":true,"href":"https:\/\/www.cochesocasion4all.es\/en\/wp-json\/wp\/v2\/users\/1"}],"replies":[{"embeddable":true,"href":"https:\/\/www.cochesocasion4all.es\/en\/wp-json\/wp\/v2\/comments?post=2218"}],"version-history":[{"count":5,"href":"https:\/\/www.cochesocasion4all.es\/en\/wp-json\/wp\/v2\/pages\/2218\/revisions"}],"predecessor-version":[{"id":7022,"href":"https:\/\/www.cochesocasion4all.es\/en\/wp-json\/wp\/v2\/pages\/2218\/revisions\/7022"}],"wp:attachment":[{"href":"https:\/\/www.cochesocasion4all.es\/en\/wp-json\/wp\/v2\/media?parent=2218"}],"curies":[{"name":"wp","href":"https:\/\/api.w.org\/{rel}","templated":true}]}}