{"id":2215,"date":"2020-09-21T08:11:56","date_gmt":"2020-09-21T08:11:56","guid":{"rendered":"https:\/\/www.cochesocasion4all.es\/?page_id=2215"},"modified":"2021-06-19T16:40:58","modified_gmt":"2021-06-19T16:40:58","slug":"cars","status":"publish","type":"page","link":"https:\/\/www.cochesocasion4all.es\/en\/cars\/","title":{"rendered":"Cars"},"content":{"rendered":"<p>[vc_row full_width=&#8221;stretch_row_content_no_spaces&#8221;][vc_column]<div class=\"page-heading\" ><div class=\"breadcrumbs\"><div class=\"container\"><div class=\"row\"><div class=\"col-xs-12\"><ul><li><a  href=\"https:\/\/www.cochesocasion4all.es\/en\/\" title=\"Home\" rel=\"bookmark\">Home<\/a> <span>&rsaquo; <\/span> <\/li>  <\/ul><\/div><\/div><\/div><\/div><div class=\"page-title\"><h1>Cars<\/h1><\/div><\/div>[\/vc_column][\/vc_row][vc_row css=&#8221;.vc_custom_1599638977942{margin-top: 30px !important;}&#8221; el_class=&#8221;flex-responsive&#8221;][vc_column width=&#8221;1\/4&#8243;][vc_widget_sidebar sidebar_id=&#8221;vehicle-sidebar&#8221;][\/vc_column][vc_column width=&#8221;3\/4&#8243;]<div class=\"product-grid klb-vehicle\">\n\t\t\t\t<div class=\"pro-coloumn\">\n\t\t\t\t\t<article class=\"col-main\">\n\t\t\t\t\t\t<div class=\"category-products\">\n\t\t\t\t\t\t\t<ul class=\"products-grid\">\n\t\t\t\t\t\t\t<li class=\"item col-md-4 col-sm-4 col-xs-6\"><div class=\"item-inner\"><div class=\"item-img\"><div class=\"item-img-info\"><a href=\"https:\/\/www.cochesocasion4all.es\/en\/vehicle\/smart-fortwo-eq-82hp\/\" title=\"SMART FORTWO EQ 82HP\" class=\"product-image\"><img decoding=\"async\" src=\"https:\/\/www.cochesocasion4all.es\/wp-content\/uploads\/2026\/04\/smarteq82-1.jpeg\" alt=\"SMART FORTWO EQ 82HP\"><\/a><div class=\"new-label new-top-left Electric\">Electric<\/div><div class=\"item-box-hover\"><div class=\"box-inner\"><div class=\"product-detail-bnt\"><a href=\"https:\/\/www.cochesocasion4all.es\/en\/vehicle\/smart-fortwo-eq-82hp\/\" class=\"button detail-bnt link-detail\"><span>View More<\/span><\/a><\/div><div class=\"product-detail-bnt\"><a class=\"button detail-bnt ajax\" id=\"45116\"><span>Quick View<\/span><\/a><\/div><\/div><\/div><\/div><\/div><div class=\"item-info\"><div class=\"info-inner\"><div class=\"item-title\"><a href=\"https:\/\/www.cochesocasion4all.es\/en\/vehicle\/smart-fortwo-eq-82hp\/\" title=\"SMART FORTWO EQ 82HP\">SMART FORTWO EQ 82HP<\/a> <\/div><div class=\"item-content\"><div class=\"klb-seperator\"><\/div><div class=\"item-price\"><div class=\"price-box\"><span class=\"regular-price\"><span class=\"price\">12.995&euro;<\/span> <\/span> <\/div><\/div><div class=\"other-info\"><div class=\"col-km\"><i class=\"fa fa-tachometer\"><\/i> 37000<\/div><div class=\"col-engine\"><i class=\"fa fa-gear\"><\/i> Automatic<\/div><div class=\"col-date\"><i class=\"fa fa-calendar\" aria-hidden=\"true\"><\/i> 2021<\/div><\/div><\/div><\/div><\/div><\/div><\/li><li class=\"item col-md-4 col-sm-4 col-xs-6\"><div class=\"item-inner\"><div class=\"item-img\"><div class=\"item-img-info\"><a href=\"https:\/\/www.cochesocasion4all.es\/en\/vehicle\/citroen-grand-c4-picasso-2-0-hdi-150cv-intensive-plus-aut\/\" title=\"CITROEN GRAND C4 PICASSO 2.0 HDI 150CV INTENSIVE PLUS AUT\" class=\"product-image\"><img decoding=\"async\" src=\"https:\/\/www.cochesocasion4all.es\/wp-content\/uploads\/2026\/04\/granc4picaut-1.jpg\" alt=\"CITROEN GRAND C4 PICASSO 2.0 HDI 150CV INTENSIVE PLUS AUT\"><\/a><div class=\"new-label new-top-left 7 seats\">7 seats<\/div><div class=\"item-box-hover\"><div class=\"box-inner\"><div class=\"product-detail-bnt\"><a href=\"https:\/\/www.cochesocasion4all.es\/en\/vehicle\/citroen-grand-c4-picasso-2-0-hdi-150cv-intensive-plus-aut\/\" class=\"button detail-bnt link-detail\"><span>View More<\/span><\/a><\/div><div class=\"product-detail-bnt\"><a class=\"button detail-bnt ajax\" id=\"45029\"><span>Quick View<\/span><\/a><\/div><\/div><\/div><\/div><\/div><div class=\"item-info\"><div class=\"info-inner\"><div class=\"item-title\"><a href=\"https:\/\/www.cochesocasion4all.es\/en\/vehicle\/citroen-grand-c4-picasso-2-0-hdi-150cv-intensive-plus-aut\/\" title=\"CITROEN GRAND C4 PICASSO 2.0 HDI 150CV INTENSIVE PLUS AUT\">CITROEN GRAND C4 PICASSO 2.0 HDI 150CV INTENSIVE PLUS AUT<\/a> <\/div><div class=\"item-content\"><div class=\"klb-seperator\"><\/div><div class=\"item-price\"><div class=\"price-box\"><span class=\"regular-price\"><span class=\"price\">12.495&euro;<\/span> <\/span> <\/div><\/div><div class=\"other-info\"><div class=\"col-km\"><i class=\"fa fa-tachometer\"><\/i> 133000<\/div><div class=\"col-engine\"><i class=\"fa fa-gear\"><\/i> Automatic<\/div><div class=\"col-date\"><i class=\"fa fa-calendar\" aria-hidden=\"true\"><\/i> 2015<\/div><\/div><\/div><\/div><\/div><\/div><\/li><li class=\"item col-md-4 col-sm-4 col-xs-6\"><div class=\"item-inner\"><div class=\"item-img\"><div class=\"item-img-info\"><a href=\"https:\/\/www.cochesocasion4all.es\/en\/vehicle\/mini-cooper-cabrio-1-6i-116hp-automatic\/\" title=\"MINI COOPER CABRIO 1.6I 116HP AUTOMATIC\" class=\"product-image\"><img decoding=\"async\" src=\"https:\/\/www.cochesocasion4all.es\/wp-content\/uploads\/2026\/04\/minicabrioaut-10.jpg\" alt=\"MINI COOPER CABRIO 1.6I 116HP AUTOMATIC\"><\/a><div class=\"new-label new-top-left Sold\">Sold<\/div><div class=\"item-box-hover\"><div class=\"box-inner\"><div class=\"product-detail-bnt\"><a href=\"https:\/\/www.cochesocasion4all.es\/en\/vehicle\/mini-cooper-cabrio-1-6i-116hp-automatic\/\" class=\"button detail-bnt link-detail\"><span>View More<\/span><\/a><\/div><div class=\"product-detail-bnt\"><a class=\"button detail-bnt ajax\" id=\"44943\"><span>Quick View<\/span><\/a><\/div><\/div><\/div><\/div><\/div><div class=\"item-info\"><div class=\"info-inner\"><div class=\"item-title\"><a href=\"https:\/\/www.cochesocasion4all.es\/en\/vehicle\/mini-cooper-cabrio-1-6i-116hp-automatic\/\" title=\"MINI COOPER CABRIO 1.6I 116HP AUTOMATIC\">MINI COOPER CABRIO 1.6I 116HP AUTOMATIC<\/a> <\/div><div class=\"item-content\"><div class=\"klb-seperator\"><\/div><div class=\"item-price\"><div class=\"price-box\"><span class=\"regular-price\"><span class=\"price\">5.995&euro;<\/span> <\/span> <\/div><\/div><div class=\"other-info\"><div class=\"col-km\"><i class=\"fa fa-tachometer\"><\/i> 154000<\/div><div class=\"col-engine\"><i class=\"fa fa-gear\"><\/i> Automatic<\/div><div class=\"col-date\"><i class=\"fa fa-calendar\" aria-hidden=\"true\"><\/i> 2005<\/div><\/div><\/div><\/div><\/div><\/div><\/li><li class=\"item col-md-4 col-sm-4 col-xs-6\"><div class=\"item-inner\"><div class=\"item-img\"><div class=\"item-img-info\"><a href=\"https:\/\/www.cochesocasion4all.es\/en\/vehicle\/ford-cmax-1-0-ecoboost-125hp\/\" title=\"FORD CMAX 1.0 ECOBOOST 125HP\" class=\"product-image\"><img decoding=\"async\" src=\"https:\/\/www.cochesocasion4all.es\/wp-content\/uploads\/2026\/04\/cmaxeco-0.jpeg\" alt=\"FORD CMAX 1.0 ECOBOOST 125HP\"><\/a><div class=\"new-label new-top-left Few km\">Few km<\/div><div class=\"item-box-hover\"><div class=\"box-inner\"><div class=\"product-detail-bnt\"><a href=\"https:\/\/www.cochesocasion4all.es\/en\/vehicle\/ford-cmax-1-0-ecoboost-125hp\/\" class=\"button detail-bnt link-detail\"><span>View More<\/span><\/a><\/div><div class=\"product-detail-bnt\"><a class=\"button detail-bnt ajax\" id=\"44861\"><span>Quick View<\/span><\/a><\/div><\/div><\/div><\/div><\/div><div class=\"item-info\"><div class=\"info-inner\"><div class=\"item-title\"><a href=\"https:\/\/www.cochesocasion4all.es\/en\/vehicle\/ford-cmax-1-0-ecoboost-125hp\/\" title=\"FORD CMAX 1.0 ECOBOOST 125HP\">FORD CMAX 1.0 ECOBOOST 125HP<\/a> <\/div><div class=\"item-content\"><div class=\"klb-seperator\"><\/div><div class=\"item-price\"><div class=\"price-box\"><span class=\"regular-price\"><span class=\"price\">8.495&euro;<\/span> <\/span> <\/div><\/div><div class=\"other-info\"><div class=\"col-km\"><i class=\"fa fa-tachometer\"><\/i> 41000<\/div><div class=\"col-engine\"><i class=\"fa fa-gear\"><\/i> Manual<\/div><div class=\"col-date\"><i class=\"fa fa-calendar\" aria-hidden=\"true\"><\/i> 2013<\/div><\/div><\/div><\/div><\/div><\/div><\/li><li class=\"item col-md-4 col-sm-4 col-xs-6\"><div class=\"item-inner\"><div class=\"item-img\"><div class=\"item-img-info\"><a href=\"https:\/\/www.cochesocasion4all.es\/en\/vehicle\/byd-sealion-7-excellence-awd-530cv\/\" title=\"BYD SEALION 7 EXCELLENCE AWD 530CV\" class=\"product-image\"><img decoding=\"async\" src=\"https:\/\/www.cochesocasion4all.es\/wp-content\/uploads\/2026\/04\/bydsealion7-0-1.jpg\" alt=\"BYD SEALION 7 EXCELLENCE AWD 530CV\"><\/a><div class=\"new-label new-top-left Sold\">Sold<\/div><div class=\"item-box-hover\"><div class=\"box-inner\"><div class=\"product-detail-bnt\"><a href=\"https:\/\/www.cochesocasion4all.es\/en\/vehicle\/byd-sealion-7-excellence-awd-530cv\/\" class=\"button detail-bnt link-detail\"><span>View More<\/span><\/a><\/div><div class=\"product-detail-bnt\"><a class=\"button detail-bnt ajax\" id=\"44755\"><span>Quick View<\/span><\/a><\/div><\/div><\/div><\/div><\/div><div class=\"item-info\"><div class=\"info-inner\"><div class=\"item-title\"><a href=\"https:\/\/www.cochesocasion4all.es\/en\/vehicle\/byd-sealion-7-excellence-awd-530cv\/\" title=\"BYD SEALION 7 EXCELLENCE AWD 530CV\">BYD SEALION 7 EXCELLENCE AWD 530CV<\/a> <\/div><div class=\"item-content\"><div class=\"klb-seperator\"><\/div><div class=\"item-price\"><div class=\"price-box\"><span class=\"regular-price\"><span class=\"price\">37.995&euro;<\/span> <\/span> <\/div><\/div><div class=\"other-info\"><div class=\"col-km\"><i class=\"fa fa-tachometer\"><\/i> 22000<\/div><div class=\"col-engine\"><i class=\"fa fa-gear\"><\/i> Automatic<\/div><div class=\"col-date\"><i class=\"fa fa-calendar\" aria-hidden=\"true\"><\/i> 2025<\/div><\/div><\/div><\/div><\/div><\/div><\/li><li class=\"item col-md-4 col-sm-4 col-xs-6\"><div class=\"item-inner\"><div class=\"item-img\"><div class=\"item-img-info\"><a href=\"https:\/\/www.cochesocasion4all.es\/en\/vehicle\/mercedes-c220cdi-170hp-advangarde-aut\/\" title=\"MERCEDES C220CDI 170HP ADVANGARDE AUT\" class=\"product-image\"><img decoding=\"async\" src=\"https:\/\/www.cochesocasion4all.es\/wp-content\/uploads\/2026\/03\/c220cdi-1.jpg\" alt=\"MERCEDES C220CDI 170HP ADVANGARDE AUT\"><\/a><div class=\"new-label new-top-left Sold\">Sold<\/div><div class=\"item-box-hover\"><div class=\"box-inner\"><div class=\"product-detail-bnt\"><a href=\"https:\/\/www.cochesocasion4all.es\/en\/vehicle\/mercedes-c220cdi-170hp-advangarde-aut\/\" class=\"button detail-bnt link-detail\"><span>View More<\/span><\/a><\/div><div class=\"product-detail-bnt\"><a class=\"button detail-bnt ajax\" id=\"44555\"><span>Quick View<\/span><\/a><\/div><\/div><\/div><\/div><\/div><div class=\"item-info\"><div class=\"info-inner\"><div class=\"item-title\"><a href=\"https:\/\/www.cochesocasion4all.es\/en\/vehicle\/mercedes-c220cdi-170hp-advangarde-aut\/\" title=\"MERCEDES C220CDI 170HP ADVANGARDE AUT\">MERCEDES C220CDI 170HP ADVANGARDE AUT<\/a> <\/div><div class=\"item-content\"><div class=\"klb-seperator\"><\/div><div class=\"item-price\"><div class=\"price-box\"><span class=\"regular-price\"><span class=\"price\">8.495&euro;<\/span> <\/span> <\/div><\/div><div class=\"other-info\"><div class=\"col-km\"><i class=\"fa fa-tachometer\"><\/i> 223000<\/div><div class=\"col-engine\"><i class=\"fa fa-gear\"><\/i> Automatic<\/div><div class=\"col-date\"><i class=\"fa fa-calendar\" aria-hidden=\"true\"><\/i> 2008<\/div><\/div><\/div><\/div><\/div><\/div><\/li><li class=\"item col-md-4 col-sm-4 col-xs-6\"><div class=\"item-inner\"><div class=\"item-img\"><div class=\"item-img-info\"><a href=\"https:\/\/www.cochesocasion4all.es\/en\/vehicle\/mercedes-ml-350cdi-258hp-4matic\/\" title=\"MERCEDES ML 350CDI 258HP 4MATIC\" class=\"product-image\"><img decoding=\"async\" src=\"https:\/\/www.cochesocasion4all.es\/wp-content\/uploads\/2026\/03\/ml350cdi-1.jpg\" alt=\"MERCEDES ML 350CDI 258HP 4MATIC\"><\/a><div class=\"new-label new-top-left Sold\">Sold<\/div><div class=\"item-box-hover\"><div class=\"box-inner\"><div class=\"product-detail-bnt\"><a href=\"https:\/\/www.cochesocasion4all.es\/en\/vehicle\/mercedes-ml-350cdi-258hp-4matic\/\" class=\"button detail-bnt link-detail\"><span>View More<\/span><\/a><\/div><div class=\"product-detail-bnt\"><a class=\"button detail-bnt ajax\" id=\"44295\"><span>Quick View<\/span><\/a><\/div><\/div><\/div><\/div><\/div><div class=\"item-info\"><div class=\"info-inner\"><div class=\"item-title\"><a href=\"https:\/\/www.cochesocasion4all.es\/en\/vehicle\/mercedes-ml-350cdi-258hp-4matic\/\" title=\"MERCEDES ML 350CDI 258HP 4MATIC\">MERCEDES ML 350CDI 258HP 4MATIC<\/a> <\/div><div class=\"item-content\"><div class=\"klb-seperator\"><\/div><div class=\"item-price\"><div class=\"price-box\"><span class=\"regular-price\"><span class=\"price\">25.495&euro;<\/span> <\/span> <\/div><\/div><div class=\"other-info\"><div class=\"col-km\"><i class=\"fa fa-tachometer\"><\/i> 172000<\/div><div class=\"col-engine\"><i class=\"fa fa-gear\"><\/i> Automatic<\/div><div class=\"col-date\"><i class=\"fa fa-calendar\" aria-hidden=\"true\"><\/i> 2015<\/div><\/div><\/div><\/div><\/div><\/div><\/li><li class=\"item col-md-4 col-sm-4 col-xs-6\"><div class=\"item-inner\"><div class=\"item-img\"><div class=\"item-img-info\"><a href=\"https:\/\/www.cochesocasion4all.es\/en\/vehicle\/peugeot-3008-gtline-hybrid-225hp\/\" title=\"PEUGEOT 3008 GTLINE HYBRID 225HP\" class=\"product-image\"><img decoding=\"async\" src=\"https:\/\/www.cochesocasion4all.es\/wp-content\/uploads\/2026\/03\/pe3008hybrid-1.jpeg\" alt=\"PEUGEOT 3008 GTLINE HYBRID 225HP\"><\/a><div class=\"new-label new-top-left Sold\">Sold<\/div><div class=\"item-box-hover\"><div class=\"box-inner\"><div class=\"product-detail-bnt\"><a href=\"https:\/\/www.cochesocasion4all.es\/en\/vehicle\/peugeot-3008-gtline-hybrid-225hp\/\" class=\"button detail-bnt link-detail\"><span>View More<\/span><\/a><\/div><div class=\"product-detail-bnt\"><a class=\"button detail-bnt ajax\" id=\"44203\"><span>Quick View<\/span><\/a><\/div><\/div><\/div><\/div><\/div><div class=\"item-info\"><div class=\"info-inner\"><div class=\"item-title\"><a href=\"https:\/\/www.cochesocasion4all.es\/en\/vehicle\/peugeot-3008-gtline-hybrid-225hp\/\" title=\"PEUGEOT 3008 GTLINE HYBRID 225HP\">PEUGEOT 3008 GTLINE HYBRID 225HP<\/a> <\/div><div class=\"item-content\"><div class=\"klb-seperator\"><\/div><div class=\"item-price\"><div class=\"price-box\"><span class=\"regular-price\"><span class=\"price\">17.995&euro;<\/span> <\/span> <\/div><\/div><div class=\"other-info\"><div class=\"col-km\"><i class=\"fa fa-tachometer\"><\/i> 79000<\/div><div class=\"col-engine\"><i class=\"fa fa-gear\"><\/i> Automatic<\/div><div class=\"col-date\"><i class=\"fa fa-calendar\" aria-hidden=\"true\"><\/i> 2020<\/div><\/div><\/div><\/div><\/div><\/div><\/li><li class=\"item col-md-4 col-sm-4 col-xs-6\"><div class=\"item-inner\"><div class=\"item-img\"><div class=\"item-img-info\"><a href=\"https:\/\/www.cochesocasion4all.es\/en\/vehicle\/mercedes-e280-cdi-190hp-avantgarde-7g\/\" title=\"MERCEDES E280 CDI 190HP AVANTGARDE 7G\" class=\"product-image\"><img decoding=\"async\" src=\"https:\/\/www.cochesocasion4all.es\/wp-content\/uploads\/2026\/03\/me280cdi-1.jpeg\" alt=\"MERCEDES E280 CDI 190HP AVANTGARDE 7G\"><\/a><div class=\"new-label new-top-left Auto\">Auto<\/div><div class=\"item-box-hover\"><div class=\"box-inner\"><div class=\"product-detail-bnt\"><a href=\"https:\/\/www.cochesocasion4all.es\/en\/vehicle\/mercedes-e280-cdi-190hp-avantgarde-7g\/\" class=\"button detail-bnt link-detail\"><span>View More<\/span><\/a><\/div><div class=\"product-detail-bnt\"><a class=\"button detail-bnt ajax\" id=\"44113\"><span>Quick View<\/span><\/a><\/div><\/div><\/div><\/div><\/div><div class=\"item-info\"><div class=\"info-inner\"><div class=\"item-title\"><a href=\"https:\/\/www.cochesocasion4all.es\/en\/vehicle\/mercedes-e280-cdi-190hp-avantgarde-7g\/\" title=\"MERCEDES E280 CDI 190HP AVANTGARDE 7G\">MERCEDES E280 CDI 190HP AVANTGARDE 7G<\/a> <\/div><div class=\"item-content\"><div class=\"klb-seperator\"><\/div><div class=\"item-price\"><div class=\"price-box\"><span class=\"regular-price\"><span class=\"price\">8.495&euro;<\/span> <\/span> <\/div><\/div><div class=\"other-info\"><div class=\"col-km\"><i class=\"fa fa-tachometer\"><\/i> 168000<\/div><div class=\"col-engine\"><i class=\"fa fa-gear\"><\/i> Automatic<\/div><div class=\"col-date\"><i class=\"fa fa-calendar\" aria-hidden=\"true\"><\/i> 2006<\/div><\/div><\/div><\/div><\/div><\/div><\/li>\n\t\t\t\t\t\t\t<\/ul>\n\t\t\t\t\t\t<\/div>\n\t\t\t\t\t\t<div class=\"toolbar bottom\">\n<div class=\"pager\"><div class=\"pages\">\n\t<ul class='page-numbers'>\n\t<li><span aria-current=\"page\" class=\"page-numbers current\">1<\/span><\/li>\n\t<li><a class=\"page-numbers\" href=\"https:\/\/www.cochesocasion4all.es\/en\/wp-json\/wp\/v2\/pages\/2215\/page\/2\/\">2<\/a><\/li>\n\t<li><a class=\"page-numbers\" href=\"https:\/\/www.cochesocasion4all.es\/en\/wp-json\/wp\/v2\/pages\/2215\/page\/3\/\">3<\/a><\/li>\n\t<li><a class=\"next page-numbers\" href=\"https:\/\/www.cochesocasion4all.es\/en\/wp-json\/wp\/v2\/pages\/2215\/page\/2\/\">Next<\/a><\/li>\n<\/ul>\n<\/div><\/div>\n\n<\/div>\n\t\t\t\t\t<\/article>\n\t\t\t\t<\/div>\n\t\t\t<\/div><div class=\"loader-image\" style=\"display:none;\"><\/div><div class=\"ajaxphp-results\"><\/div>[\/vc_column][\/vc_row]<\/p>\n","protected":false},"excerpt":{"rendered":"<p>[vc_row full_width=&#8221;stretch_row_content_no_spaces&#8221;][vc_column][\/vc_column][\/vc_row][vc_row css=&#8221;.vc_custom_1599638977942{margin-top: 30px !important;}&#8221; el_class=&#8221;flex-responsive&#8221;][vc_column width=&#8221;1\/4&#8243;][vc_widget_sidebar sidebar_id=&#8221;vehicle-sidebar&#8221;][\/vc_column][vc_column width=&#8221;3\/4&#8243;][\/vc_column][\/vc_row]<\/p>\n","protected":false},"author":1,"featured_media":0,"parent":0,"menu_order":0,"comment_status":"closed","ping_status":"closed","template":"","meta":{"footnotes":""},"class_list":["post-2215","page","type-page","status-publish","hentry","blog_entry clearfix"],"yoast_head":"<!-- This site is optimized with the Yoast SEO plugin v27.1.1 - https:\/\/yoast.com\/product\/yoast-seo-wordpress\/ -->\n<title>Coches Ocasi\u00f3n 4all | Offer of Used, Second Hand and KM0 cars<\/title>\n<meta name=\"description\" content=\"\u25c9 Buy your Second Hand, Used and KM0 Car. \u25c9 100% GUARANTEE. \u25c9 We deliver it to your house. \u25c9 BEST PRICES. \u260e CALL US 687 98 24 91\" \/>\n<meta name=\"robots\" content=\"index, follow, max-snippet:-1, max-image-preview:large, max-video-preview:-1\" \/>\n<link rel=\"canonical\" href=\"https:\/\/www.cochesocasion4all.es\/en\/cars\/\" \/>\n<meta property=\"og:locale\" content=\"en_US\" \/>\n<meta property=\"og:type\" content=\"article\" \/>\n<meta property=\"og:title\" content=\"Coches Ocasi\u00f3n 4all | Offer of Used, Second Hand and KM0 cars\" \/>\n<meta property=\"og:description\" content=\"\u25c9 Buy your Second Hand, Used and KM0 Car. \u25c9 100% GUARANTEE. \u25c9 We deliver it to your house. \u25c9 BEST PRICES. \u260e CALL US 687 98 24 91\" \/>\n<meta property=\"og:url\" content=\"https:\/\/www.cochesocasion4all.es\/en\/cars\/\" \/>\n<meta property=\"og:site_name\" content=\"Coches Ocasi\u00f3n 4all\" \/>\n<meta property=\"article:modified_time\" content=\"2021-06-19T16:40:58+00:00\" \/>\n<meta name=\"twitter:card\" content=\"summary_large_image\" \/>\n<script type=\"application\/ld+json\" class=\"yoast-schema-graph\">{\"@context\":\"https:\/\/schema.org\",\"@graph\":[{\"@type\":\"WebPage\",\"@id\":\"https:\/\/www.cochesocasion4all.es\/en\/cars\/\",\"url\":\"https:\/\/www.cochesocasion4all.es\/en\/cars\/\",\"name\":\"Coches Ocasi\u00f3n 4all | Offer of Used, Second Hand and KM0 cars\",\"isPartOf\":{\"@id\":\"https:\/\/www.cochesocasion4all.es\/en\/#website\"},\"datePublished\":\"2020-09-21T08:11:56+00:00\",\"dateModified\":\"2021-06-19T16:40:58+00:00\",\"description\":\"\u25c9 Buy your Second Hand, Used and KM0 Car. \u25c9 100% GUARANTEE. \u25c9 We deliver it to your house. \u25c9 BEST PRICES. \u260e CALL US 687 98 24 91\",\"breadcrumb\":{\"@id\":\"https:\/\/www.cochesocasion4all.es\/en\/cars\/#breadcrumb\"},\"inLanguage\":\"en-US\",\"potentialAction\":[{\"@type\":\"ReadAction\",\"target\":[\"https:\/\/www.cochesocasion4all.es\/en\/cars\/\"]}]},{\"@type\":\"BreadcrumbList\",\"@id\":\"https:\/\/www.cochesocasion4all.es\/en\/cars\/#breadcrumb\",\"itemListElement\":[{\"@type\":\"ListItem\",\"position\":1,\"name\":\"Portada\",\"item\":\"https:\/\/www.cochesocasion4all.es\/en\/\"},{\"@type\":\"ListItem\",\"position\":2,\"name\":\"Cars\"}]},{\"@type\":\"WebSite\",\"@id\":\"https:\/\/www.cochesocasion4all.es\/en\/#website\",\"url\":\"https:\/\/www.cochesocasion4all.es\/en\/\",\"name\":\"Coches Ocasi\u00f3n 4all\",\"description\":\"Coches y veh\u00edculos de ocasi\u00f3n | Coches 1 solo due\u00f1o | Pocos Km - Coches de ocasi\u00f3n para todos\",\"publisher\":{\"@id\":\"https:\/\/www.cochesocasion4all.es\/en\/#organization\"},\"potentialAction\":[{\"@type\":\"SearchAction\",\"target\":{\"@type\":\"EntryPoint\",\"urlTemplate\":\"https:\/\/www.cochesocasion4all.es\/en\/?s={search_term_string}\"},\"query-input\":{\"@type\":\"PropertyValueSpecification\",\"valueRequired\":true,\"valueName\":\"search_term_string\"}}],\"inLanguage\":\"en-US\"},{\"@type\":\"Organization\",\"@id\":\"https:\/\/www.cochesocasion4all.es\/en\/#organization\",\"name\":\"Coches Ocasi\u00f3n 4all\",\"url\":\"https:\/\/www.cochesocasion4all.es\/en\/\",\"logo\":{\"@type\":\"ImageObject\",\"inLanguage\":\"en-US\",\"@id\":\"https:\/\/www.cochesocasion4all.es\/en\/#\/schema\/logo\/image\/\",\"url\":\"https:\/\/www.cochesocasion4all.es\/wp-content\/uploads\/2021\/05\/LOGO-HORIZONTAL-PRINCIPAL-mediano.png\",\"contentUrl\":\"https:\/\/www.cochesocasion4all.es\/wp-content\/uploads\/2021\/05\/LOGO-HORIZONTAL-PRINCIPAL-mediano.png\",\"width\":800,\"height\":279,\"caption\":\"Coches Ocasi\u00f3n 4all\"},\"image\":{\"@id\":\"https:\/\/www.cochesocasion4all.es\/en\/#\/schema\/logo\/image\/\"}}]}<\/script>\n<!-- \/ Yoast SEO plugin. -->","yoast_head_json":{"title":"Coches Ocasi\u00f3n 4all | Offer of Used, Second Hand and KM0 cars","description":"\u25c9 Buy your Second Hand, Used and KM0 Car. \u25c9 100% GUARANTEE. \u25c9 We deliver it to your house. \u25c9 BEST PRICES. \u260e CALL US 687 98 24 91","robots":{"index":"index","follow":"follow","max-snippet":"max-snippet:-1","max-image-preview":"max-image-preview:large","max-video-preview":"max-video-preview:-1"},"canonical":"https:\/\/www.cochesocasion4all.es\/en\/cars\/","og_locale":"en_US","og_type":"article","og_title":"Coches Ocasi\u00f3n 4all | Offer of Used, Second Hand and KM0 cars","og_description":"\u25c9 Buy your Second Hand, Used and KM0 Car. \u25c9 100% GUARANTEE. \u25c9 We deliver it to your house. \u25c9 BEST PRICES. \u260e CALL US 687 98 24 91","og_url":"https:\/\/www.cochesocasion4all.es\/en\/cars\/","og_site_name":"Coches Ocasi\u00f3n 4all","article_modified_time":"2021-06-19T16:40:58+00:00","twitter_card":"summary_large_image","schema":{"@context":"https:\/\/schema.org","@graph":[{"@type":"WebPage","@id":"https:\/\/www.cochesocasion4all.es\/en\/cars\/","url":"https:\/\/www.cochesocasion4all.es\/en\/cars\/","name":"Coches Ocasi\u00f3n 4all | Offer of Used, Second Hand and KM0 cars","isPartOf":{"@id":"https:\/\/www.cochesocasion4all.es\/en\/#website"},"datePublished":"2020-09-21T08:11:56+00:00","dateModified":"2021-06-19T16:40:58+00:00","description":"\u25c9 Buy your Second Hand, Used and KM0 Car. \u25c9 100% GUARANTEE. \u25c9 We deliver it to your house. \u25c9 BEST PRICES. \u260e CALL US 687 98 24 91","breadcrumb":{"@id":"https:\/\/www.cochesocasion4all.es\/en\/cars\/#breadcrumb"},"inLanguage":"en-US","potentialAction":[{"@type":"ReadAction","target":["https:\/\/www.cochesocasion4all.es\/en\/cars\/"]}]},{"@type":"BreadcrumbList","@id":"https:\/\/www.cochesocasion4all.es\/en\/cars\/#breadcrumb","itemListElement":[{"@type":"ListItem","position":1,"name":"Portada","item":"https:\/\/www.cochesocasion4all.es\/en\/"},{"@type":"ListItem","position":2,"name":"Cars"}]},{"@type":"WebSite","@id":"https:\/\/www.cochesocasion4all.es\/en\/#website","url":"https:\/\/www.cochesocasion4all.es\/en\/","name":"Coches Ocasi\u00f3n 4all","description":"Coches y veh\u00edculos de ocasi\u00f3n | Coches 1 solo due\u00f1o | Pocos Km - Coches de ocasi\u00f3n para todos","publisher":{"@id":"https:\/\/www.cochesocasion4all.es\/en\/#organization"},"potentialAction":[{"@type":"SearchAction","target":{"@type":"EntryPoint","urlTemplate":"https:\/\/www.cochesocasion4all.es\/en\/?s={search_term_string}"},"query-input":{"@type":"PropertyValueSpecification","valueRequired":true,"valueName":"search_term_string"}}],"inLanguage":"en-US"},{"@type":"Organization","@id":"https:\/\/www.cochesocasion4all.es\/en\/#organization","name":"Coches Ocasi\u00f3n 4all","url":"https:\/\/www.cochesocasion4all.es\/en\/","logo":{"@type":"ImageObject","inLanguage":"en-US","@id":"https:\/\/www.cochesocasion4all.es\/en\/#\/schema\/logo\/image\/","url":"https:\/\/www.cochesocasion4all.es\/wp-content\/uploads\/2021\/05\/LOGO-HORIZONTAL-PRINCIPAL-mediano.png","contentUrl":"https:\/\/www.cochesocasion4all.es\/wp-content\/uploads\/2021\/05\/LOGO-HORIZONTAL-PRINCIPAL-mediano.png","width":800,"height":279,"caption":"Coches Ocasi\u00f3n 4all"},"image":{"@id":"https:\/\/www.cochesocasion4all.es\/en\/#\/schema\/logo\/image\/"}}]}},"_links":{"self":[{"href":"https:\/\/www.cochesocasion4all.es\/en\/wp-json\/wp\/v2\/pages\/2215","targetHints":{"allow":["GET"]}}],"collection":[{"href":"https:\/\/www.cochesocasion4all.es\/en\/wp-json\/wp\/v2\/pages"}],"about":[{"href":"https:\/\/www.cochesocasion4all.es\/en\/wp-json\/wp\/v2\/types\/page"}],"author":[{"embeddable":true,"href":"https:\/\/www.cochesocasion4all.es\/en\/wp-json\/wp\/v2\/users\/1"}],"replies":[{"embeddable":true,"href":"https:\/\/www.cochesocasion4all.es\/en\/wp-json\/wp\/v2\/comments?post=2215"}],"version-history":[{"count":5,"href":"https:\/\/www.cochesocasion4all.es\/en\/wp-json\/wp\/v2\/pages\/2215\/revisions"}],"predecessor-version":[{"id":2973,"href":"https:\/\/www.cochesocasion4all.es\/en\/wp-json\/wp\/v2\/pages\/2215\/revisions\/2973"}],"wp:attachment":[{"href":"https:\/\/www.cochesocasion4all.es\/en\/wp-json\/wp\/v2\/media?parent=2215"}],"curies":[{"name":"wp","href":"https:\/\/api.w.org\/{rel}","templated":true}]}}