{"id":2208,"date":"2020-09-18T08:21:24","date_gmt":"2020-09-18T08:21:24","guid":{"rendered":"https:\/\/www.cochesocasion4all.es\/?page_id=2208"},"modified":"2021-06-20T17:19:22","modified_gmt":"2021-06-20T17:19:22","slug":"company-policy","status":"publish","type":"page","link":"https:\/\/www.cochesocasion4all.es\/en\/company-policy\/","title":{"rendered":"Company policy"},"content":{"rendered":"<p>[vc_row full_width=&#8221;stretch_row_content_no_spaces&#8221;][vc_column]<div class=\"page-heading\" ><div class=\"breadcrumbs\"><div class=\"container\"><div class=\"row\"><div class=\"col-xs-12\"><ul><li><a  href=\"https:\/\/www.cochesocasion4all.es\/en\/\" title=\"Home\" rel=\"bookmark\">Home<\/a> <span>&rsaquo; <\/span> <\/li>  <\/ul><\/div><\/div><\/div><\/div><div class=\"page-title\"><h1>Company Policy<\/h1><\/div><\/div>[\/vc_column][\/vc_row][vc_row css=&#8221;.vc_custom_1599639142339{margin-top: 30px !important;}&#8221; el_class=&#8221;flex-responsive&#8221;][vc_column width=&#8221;1\/4&#8243;][vc_widget_sidebar sidebar_id=&#8221;vehicle-sidebar&#8221;][\/vc_column][vc_column width=&#8221;3\/4&#8243; activate_box=&#8221;yes&#8221;][vc_column_text el_class=&#8221;parrafo&#8221;]We know that <strong>there are many portals for buying and selling used cars<\/strong>. Likewise, there are <strong>second-hand car<\/strong> dealers all over Spain&#8230;<\/p>\n<p>So why <strong>buy a used car<\/strong> at <strong>Coches de ocasi\u00f3n 4 all<\/strong>? Well, it&#8217;s very simple, because we are very clear that our reputation is what will keep us working professionally over the years, so we are not going to risk putting up for sale a <strong>second-hand vehicle<\/strong> that we would not want to drive ourselves with our families inside.<\/p>\n<p>In addition, we have the firm commitment that the service we provide does not end once the sale of the <strong>used car<\/strong> is completed, but we continue to care and serve our customers once the sale of the <strong>used car<\/strong> is completed.<\/p>\n<p>Next we enumerate a series of factors that, inside our company policy, we emphasize and it does that we differ from other <strong>buy-sales<\/strong>. It is our commitment, for your peace of mind&#8230; and ours.<\/p>\n<p>&nbsp;<\/p>\n<ul>\n<li>\n<h4><span style=\"color: #ff6600;\"><strong>All our vehicles are free of charge and available for delivery.<\/strong><\/span><\/h4>\n<\/li>\n<\/ul>\n<p>&nbsp;<\/p>\n<ul>\n<li>\n<h4><span style=\"color: #ff6600;\"><strong>Maximum speed to change the owner of the vehicle.<\/strong><\/span><\/h4>\n<\/li>\n<\/ul>\n<p>&nbsp;<\/p>\n<ul>\n<li>\n<h4><span style=\"color: #ff6600;\"><strong>MOT in force.<\/strong><\/span><\/h4>\n<\/li>\n<\/ul>\n<p>&nbsp;<\/p>\n<ul>\n<li>\n<h4><span style=\"color: #ff6600;\"><strong>Transparent prices, with name change, pre-delivery check and up to 24 months warranty included in the price.<\/strong><\/span><\/h4>\n<\/li>\n<\/ul>\n<p>&nbsp;<\/p>\n<ul>\n<li>\n<h4><span style=\"color: #ff6600;\"><strong>Minimum warranty of 1 year extendable to 2 years and with coverage under the same conditions as a dealer.<\/strong><\/span><\/h4>\n<\/li>\n<\/ul>\n<p>&nbsp;<\/p>\n<ul>\n<li>\n<h4><span style=\"color: #ff6600;\"><strong>We manage the financing to your measure.<\/strong><\/span><\/h4>\n<\/li>\n<\/ul>\n<p>&nbsp;<\/p>\n<ul>\n<li>\n<h4><span style=\"color: #ff6600;\"><strong>Management of the sale of your car through our means until we offer you the opportunity of a direct purchase (forget about paperwork).<\/strong><\/span><\/h4>\n<\/li>\n<\/ul>\n<p>&nbsp;<\/p>\n<ul>\n<li>\n<h4><span style=\"color: #ff6600;\"><strong>Personalized after-sales service. &#8220;100% Service&#8221; of customer service in terms of maintenance, breakdowns, guarantees, insurance, spare parts etc. being able to offer discounts on all these services throughout the province of Alicante.<\/strong><\/span><\/h4>\n<\/li>\n<\/ul>\n<p>&nbsp;<\/p>\n<h4><strong>In Coches Ocasi\u00f3n 4all the treatment with the client does not finish when the car is delivered.<\/strong><\/h4>\n<p>[\/vc_column_text][\/vc_column][\/vc_row]<\/p>\n","protected":false},"excerpt":{"rendered":"<p>[vc_row full_width=&#8221;stretch_row_content_no_spaces&#8221;][vc_column][\/vc_column][\/vc_row][vc_row css=&#8221;.vc_custom_1599639142339{margin-top: 30px !important;}&#8221; el_class=&#8221;flex-responsive&#8221;][vc_column width=&#8221;1\/4&#8243;][vc_widget_sidebar sidebar_id=&#8221;vehicle-sidebar&#8221;][\/vc_column][vc_column width=&#8221;3\/4&#8243; activate_box=&#8221;yes&#8221;][vc_column_text el_class=&#8221;parrafo&#8221;]We know that there are many portals for buying and selling used cars. Likewise, there are second-hand car dealers all over Spain&#8230; So why buy a used car at Coches de ocasi\u00f3n 4 all? Well, it&#8217;s very simple, because we are very clear that our<\/p>\n<div class=\"klb-readmore\"><a href=\"https:\/\/www.cochesocasion4all.es\/en\/company-policy\/\" class=\"btn\">READ MORE<\/a><\/div>\n","protected":false},"author":1,"featured_media":0,"parent":0,"menu_order":0,"comment_status":"closed","ping_status":"closed","template":"","meta":{"footnotes":""},"class_list":["post-2208","page","type-page","status-publish","hentry","blog_entry clearfix"],"yoast_head":"<!-- This site is optimized with the Yoast SEO plugin v27.1.1 - https:\/\/yoast.com\/product\/yoast-seo-wordpress\/ -->\n<title>Coches Ocasi\u00f3n 4all | Our company Policy is your Peace of Mind<\/title>\n<meta name=\"description\" content=\"\u2713Buy your Used Car with the best peace of mind. \u2713Telematics Managements. \u2713Guarantee Up 2 Years. \u2713Inmediate Financing. \u2713Certified Kilometers\" \/>\n<meta name=\"robots\" content=\"index, follow, max-snippet:-1, max-image-preview:large, max-video-preview:-1\" \/>\n<link rel=\"canonical\" href=\"https:\/\/www.cochesocasion4all.es\/en\/company-policy\/\" \/>\n<meta property=\"og:locale\" content=\"en_US\" \/>\n<meta property=\"og:type\" content=\"article\" \/>\n<meta property=\"og:title\" content=\"Coches Ocasi\u00f3n 4all | Our company Policy is your Peace of Mind\" \/>\n<meta property=\"og:description\" content=\"\u2713Buy your Used Car with the best peace of mind. \u2713Telematics Managements. \u2713Guarantee Up 2 Years. \u2713Inmediate Financing. \u2713Certified Kilometers\" \/>\n<meta property=\"og:url\" content=\"https:\/\/www.cochesocasion4all.es\/en\/company-policy\/\" \/>\n<meta property=\"og:site_name\" content=\"Coches Ocasi\u00f3n 4all\" \/>\n<meta property=\"article:modified_time\" content=\"2021-06-20T17:19:22+00:00\" \/>\n<meta name=\"twitter:card\" content=\"summary_large_image\" \/>\n<meta name=\"twitter:label1\" content=\"Est. reading time\" \/>\n\t<meta name=\"twitter:data1\" content=\"2 minutes\" \/>\n<script type=\"application\/ld+json\" class=\"yoast-schema-graph\">{\"@context\":\"https:\/\/schema.org\",\"@graph\":[{\"@type\":\"WebPage\",\"@id\":\"https:\/\/www.cochesocasion4all.es\/en\/company-policy\/\",\"url\":\"https:\/\/www.cochesocasion4all.es\/en\/company-policy\/\",\"name\":\"Coches Ocasi\u00f3n 4all | Our company Policy is your Peace of Mind\",\"isPartOf\":{\"@id\":\"https:\/\/www.cochesocasion4all.es\/en\/#website\"},\"datePublished\":\"2020-09-18T08:21:24+00:00\",\"dateModified\":\"2021-06-20T17:19:22+00:00\",\"description\":\"\u2713Buy your Used Car with the best peace of mind. \u2713Telematics Managements. \u2713Guarantee Up 2 Years. \u2713Inmediate Financing. \u2713Certified Kilometers\",\"breadcrumb\":{\"@id\":\"https:\/\/www.cochesocasion4all.es\/en\/company-policy\/#breadcrumb\"},\"inLanguage\":\"en-US\",\"potentialAction\":[{\"@type\":\"ReadAction\",\"target\":[\"https:\/\/www.cochesocasion4all.es\/en\/company-policy\/\"]}]},{\"@type\":\"BreadcrumbList\",\"@id\":\"https:\/\/www.cochesocasion4all.es\/en\/company-policy\/#breadcrumb\",\"itemListElement\":[{\"@type\":\"ListItem\",\"position\":1,\"name\":\"Portada\",\"item\":\"https:\/\/www.cochesocasion4all.es\/en\/\"},{\"@type\":\"ListItem\",\"position\":2,\"name\":\"Company policy\"}]},{\"@type\":\"WebSite\",\"@id\":\"https:\/\/www.cochesocasion4all.es\/en\/#website\",\"url\":\"https:\/\/www.cochesocasion4all.es\/en\/\",\"name\":\"Coches Ocasi\u00f3n 4all\",\"description\":\"Coches y veh\u00edculos de ocasi\u00f3n | Coches 1 solo due\u00f1o | Pocos Km - Coches de ocasi\u00f3n para todos\",\"publisher\":{\"@id\":\"https:\/\/www.cochesocasion4all.es\/en\/#organization\"},\"potentialAction\":[{\"@type\":\"SearchAction\",\"target\":{\"@type\":\"EntryPoint\",\"urlTemplate\":\"https:\/\/www.cochesocasion4all.es\/en\/?s={search_term_string}\"},\"query-input\":{\"@type\":\"PropertyValueSpecification\",\"valueRequired\":true,\"valueName\":\"search_term_string\"}}],\"inLanguage\":\"en-US\"},{\"@type\":\"Organization\",\"@id\":\"https:\/\/www.cochesocasion4all.es\/en\/#organization\",\"name\":\"Coches Ocasi\u00f3n 4all\",\"url\":\"https:\/\/www.cochesocasion4all.es\/en\/\",\"logo\":{\"@type\":\"ImageObject\",\"inLanguage\":\"en-US\",\"@id\":\"https:\/\/www.cochesocasion4all.es\/en\/#\/schema\/logo\/image\/\",\"url\":\"https:\/\/www.cochesocasion4all.es\/wp-content\/uploads\/2021\/05\/LOGO-HORIZONTAL-PRINCIPAL-mediano.png\",\"contentUrl\":\"https:\/\/www.cochesocasion4all.es\/wp-content\/uploads\/2021\/05\/LOGO-HORIZONTAL-PRINCIPAL-mediano.png\",\"width\":800,\"height\":279,\"caption\":\"Coches Ocasi\u00f3n 4all\"},\"image\":{\"@id\":\"https:\/\/www.cochesocasion4all.es\/en\/#\/schema\/logo\/image\/\"}}]}<\/script>\n<!-- \/ Yoast SEO plugin. -->","yoast_head_json":{"title":"Coches Ocasi\u00f3n 4all | Our company Policy is your Peace of Mind","description":"\u2713Buy your Used Car with the best peace of mind. \u2713Telematics Managements. \u2713Guarantee Up 2 Years. \u2713Inmediate Financing. \u2713Certified Kilometers","robots":{"index":"index","follow":"follow","max-snippet":"max-snippet:-1","max-image-preview":"max-image-preview:large","max-video-preview":"max-video-preview:-1"},"canonical":"https:\/\/www.cochesocasion4all.es\/en\/company-policy\/","og_locale":"en_US","og_type":"article","og_title":"Coches Ocasi\u00f3n 4all | Our company Policy is your Peace of Mind","og_description":"\u2713Buy your Used Car with the best peace of mind. \u2713Telematics Managements. \u2713Guarantee Up 2 Years. \u2713Inmediate Financing. \u2713Certified Kilometers","og_url":"https:\/\/www.cochesocasion4all.es\/en\/company-policy\/","og_site_name":"Coches Ocasi\u00f3n 4all","article_modified_time":"2021-06-20T17:19:22+00:00","twitter_card":"summary_large_image","twitter_misc":{"Est. reading time":"2 minutes"},"schema":{"@context":"https:\/\/schema.org","@graph":[{"@type":"WebPage","@id":"https:\/\/www.cochesocasion4all.es\/en\/company-policy\/","url":"https:\/\/www.cochesocasion4all.es\/en\/company-policy\/","name":"Coches Ocasi\u00f3n 4all | Our company Policy is your Peace of Mind","isPartOf":{"@id":"https:\/\/www.cochesocasion4all.es\/en\/#website"},"datePublished":"2020-09-18T08:21:24+00:00","dateModified":"2021-06-20T17:19:22+00:00","description":"\u2713Buy your Used Car with the best peace of mind. \u2713Telematics Managements. \u2713Guarantee Up 2 Years. \u2713Inmediate Financing. \u2713Certified Kilometers","breadcrumb":{"@id":"https:\/\/www.cochesocasion4all.es\/en\/company-policy\/#breadcrumb"},"inLanguage":"en-US","potentialAction":[{"@type":"ReadAction","target":["https:\/\/www.cochesocasion4all.es\/en\/company-policy\/"]}]},{"@type":"BreadcrumbList","@id":"https:\/\/www.cochesocasion4all.es\/en\/company-policy\/#breadcrumb","itemListElement":[{"@type":"ListItem","position":1,"name":"Portada","item":"https:\/\/www.cochesocasion4all.es\/en\/"},{"@type":"ListItem","position":2,"name":"Company policy"}]},{"@type":"WebSite","@id":"https:\/\/www.cochesocasion4all.es\/en\/#website","url":"https:\/\/www.cochesocasion4all.es\/en\/","name":"Coches Ocasi\u00f3n 4all","description":"Coches y veh\u00edculos de ocasi\u00f3n | Coches 1 solo due\u00f1o | Pocos Km - Coches de ocasi\u00f3n para todos","publisher":{"@id":"https:\/\/www.cochesocasion4all.es\/en\/#organization"},"potentialAction":[{"@type":"SearchAction","target":{"@type":"EntryPoint","urlTemplate":"https:\/\/www.cochesocasion4all.es\/en\/?s={search_term_string}"},"query-input":{"@type":"PropertyValueSpecification","valueRequired":true,"valueName":"search_term_string"}}],"inLanguage":"en-US"},{"@type":"Organization","@id":"https:\/\/www.cochesocasion4all.es\/en\/#organization","name":"Coches Ocasi\u00f3n 4all","url":"https:\/\/www.cochesocasion4all.es\/en\/","logo":{"@type":"ImageObject","inLanguage":"en-US","@id":"https:\/\/www.cochesocasion4all.es\/en\/#\/schema\/logo\/image\/","url":"https:\/\/www.cochesocasion4all.es\/wp-content\/uploads\/2021\/05\/LOGO-HORIZONTAL-PRINCIPAL-mediano.png","contentUrl":"https:\/\/www.cochesocasion4all.es\/wp-content\/uploads\/2021\/05\/LOGO-HORIZONTAL-PRINCIPAL-mediano.png","width":800,"height":279,"caption":"Coches Ocasi\u00f3n 4all"},"image":{"@id":"https:\/\/www.cochesocasion4all.es\/en\/#\/schema\/logo\/image\/"}}]}},"_links":{"self":[{"href":"https:\/\/www.cochesocasion4all.es\/en\/wp-json\/wp\/v2\/pages\/2208","targetHints":{"allow":["GET"]}}],"collection":[{"href":"https:\/\/www.cochesocasion4all.es\/en\/wp-json\/wp\/v2\/pages"}],"about":[{"href":"https:\/\/www.cochesocasion4all.es\/en\/wp-json\/wp\/v2\/types\/page"}],"author":[{"embeddable":true,"href":"https:\/\/www.cochesocasion4all.es\/en\/wp-json\/wp\/v2\/users\/1"}],"replies":[{"embeddable":true,"href":"https:\/\/www.cochesocasion4all.es\/en\/wp-json\/wp\/v2\/comments?post=2208"}],"version-history":[{"count":7,"href":"https:\/\/www.cochesocasion4all.es\/en\/wp-json\/wp\/v2\/pages\/2208\/revisions"}],"predecessor-version":[{"id":6964,"href":"https:\/\/www.cochesocasion4all.es\/en\/wp-json\/wp\/v2\/pages\/2208\/revisions\/6964"}],"wp:attachment":[{"href":"https:\/\/www.cochesocasion4all.es\/en\/wp-json\/wp\/v2\/media?parent=2208"}],"curies":[{"name":"wp","href":"https:\/\/api.w.org\/{rel}","templated":true}]}}