{"id":2200,"date":"2020-09-18T08:03:58","date_gmt":"2020-09-18T08:03:58","guid":{"rendered":"https:\/\/www.cochesocasion4all.es\/?page_id=2200"},"modified":"2020-09-25T07:33:01","modified_gmt":"2020-09-25T07:33:01","slug":"contact","status":"publish","type":"page","link":"https:\/\/www.cochesocasion4all.es\/en\/contact\/","title":{"rendered":"Contact"},"content":{"rendered":"<p>[vc_row full_width=&#8221;stretch_row_content_no_spaces&#8221;][vc_column]<div class=\"page-heading\" ><div class=\"breadcrumbs\"><div class=\"container\"><div class=\"row\"><div class=\"col-xs-12\"><ul><li><a  href=\"https:\/\/www.cochesocasion4all.es\/en\/\" title=\"Home\" rel=\"bookmark\">Home<\/a> <span>&rsaquo; <\/span> <\/li>  <\/ul><\/div><\/div><\/div><\/div><div class=\"page-title\"><h1>Contact<\/h1><\/div><\/div>[\/vc_column][\/vc_row][vc_row gap=&#8221;1&#8243; css=&#8221;.vc_custom_1558781524514{margin-top: 40px !important;}&#8221;][vc_column][vc_column_text]<iframe loading=\"lazy\" style=\"border: 0;\" src=\"https:\/\/www.google.com\/maps\/embed?pb=!1m14!1m8!1m3!1d927.7930987587011!2d-0.17135105761777997!3d38.540416569139104!3m2!1i1024!2i768!4f13.1!3m3!1m2!1s0x0%3A0xa8558596eafbe4be!2sCoches%20Ocasion%204%20All!5e0!3m2!1ses!2ses!4v1596094130101!5m2!1ses!2ses\" width=\"600\" height=\"450\"><\/iframe>[\/vc_column_text][\/vc_column][\/vc_row][vc_row css=&#8221;.vc_custom_1559085036216{margin-top: 40px !important;margin-bottom: 40px !important;}&#8221;][vc_column activate_box=&#8221;yes&#8221; klb_responsive=&#8221;.vc_custom_1546420687083{padding-right: 0px !important;padding-left: 0px !important;}&#8221; css=&#8221;.vc_custom_1546420687080{padding-left: 0px !important;}&#8221;][vc_column_text el_class=&#8221;block-title&#8221;]<\/p>\n<h2>Contact us<\/h2>\n<p>[\/vc_column_text]\n<div class=\"wpcf7 no-js\" id=\"wpcf7-f2244-o1\" lang=\"es-ES\" dir=\"ltr\" data-wpcf7-id=\"2244\">\n<div class=\"screen-reader-response\"><p role=\"status\" aria-live=\"polite\" aria-atomic=\"true\"><\/p> <ul><\/ul><\/div>\n<form action=\"\/en\/wp-json\/wp\/v2\/pages\/2200#wpcf7-f2244-o1\" method=\"post\" class=\"wpcf7-form init\" aria-label=\"Formulario de contacto\" novalidate=\"novalidate\" data-status=\"init\">\n<fieldset class=\"hidden-fields-container\"><input type=\"hidden\" name=\"_wpcf7\" value=\"2244\" \/><input type=\"hidden\" name=\"_wpcf7_version\" value=\"6.1.5\" \/><input type=\"hidden\" name=\"_wpcf7_locale\" value=\"es_ES\" \/><input type=\"hidden\" name=\"_wpcf7_unit_tag\" value=\"wpcf7-f2244-o1\" \/><input type=\"hidden\" name=\"_wpcf7_container_post\" value=\"0\" \/><input type=\"hidden\" name=\"_wpcf7_posted_data_hash\" value=\"\" \/><input type=\"hidden\" name=\"_wpcf7_recaptcha_response\" value=\"\" \/>\n<\/fieldset>\n<p><label> Name *<\/label><span class=\"wpcf7-form-control-wrap\" data-name=\"nombre\"><input size=\"40\" maxlength=\"400\" class=\"wpcf7-form-control wpcf7-text wpcf7-validates-as-required\" aria-required=\"true\" aria-invalid=\"false\" value=\"\" type=\"text\" name=\"nombre\" \/><\/span>\n<\/p>\n<p><label> Email *<\/label><span class=\"wpcf7-form-control-wrap\" data-name=\"email\"><input size=\"40\" maxlength=\"400\" class=\"wpcf7-form-control wpcf7-email wpcf7-validates-as-required wpcf7-text wpcf7-validates-as-email\" aria-required=\"true\" aria-invalid=\"false\" value=\"\" type=\"email\" name=\"email\" \/><\/span>\n<\/p>\n<p><label> Phone <\/label><span class=\"wpcf7-form-control-wrap\" data-name=\"phone\"><input size=\"40\" maxlength=\"400\" class=\"wpcf7-form-control wpcf7-tel wpcf7-text wpcf7-validates-as-tel\" aria-invalid=\"false\" value=\"\" type=\"tel\" name=\"phone\" \/><\/span>\n<\/p>\n<p><label> Subject <\/label><span class=\"wpcf7-form-control-wrap\" data-name=\"asunto\"><input size=\"40\" maxlength=\"400\" class=\"wpcf7-form-control wpcf7-text\" aria-invalid=\"false\" value=\"\" type=\"text\" name=\"asunto\" \/><\/span>\n<\/p>\n<p><label> Message <\/label><span class=\"wpcf7-form-control-wrap\" data-name=\"mensaje\"><textarea cols=\"5\" rows=\"3\" maxlength=\"2000\" class=\"wpcf7-form-control wpcf7-textarea\" aria-invalid=\"false\" name=\"mensaje\"><\/textarea><\/span>\n<\/p>\n<p><span class=\"wpcf7-form-control-wrap\" data-name=\"rgpd\"><span class=\"wpcf7-form-control wpcf7-acceptance optional\"><span class=\"wpcf7-list-item\"><label><input type=\"checkbox\" name=\"rgpd\" value=\"1\" aria-invalid=\"false\" \/><span class=\"wpcf7-list-item-label\">I have read and accept the<a href=\"politica-privacidad\"> Privacy Policy<\/a><\/span><\/label><\/span><\/span><\/span>\n<\/p>\n<p><input class=\"wpcf7-form-control wpcf7-submit has-spinner\" type=\"submit\" value=\"Send\" \/>\n<\/p><input type='hidden' class='wpcf7-pum' value='{\"closepopup\":false,\"closedelay\":0,\"openpopup\":false,\"openpopup_id\":0}' \/><div class=\"wpcf7-response-output\" aria-hidden=\"true\"><\/div>\n<\/form>\n<\/div>\n[\/vc_column][\/vc_row]<\/p>\n","protected":false},"excerpt":{"rendered":"<p>[vc_row full_width=&#8221;stretch_row_content_no_spaces&#8221;][vc_column][\/vc_column][\/vc_row][vc_row gap=&#8221;1&#8243; css=&#8221;.vc_custom_1558781524514{margin-top: 40px !important;}&#8221;][vc_column][vc_column_text][\/vc_column_text][\/vc_column][\/vc_row][vc_row css=&#8221;.vc_custom_1559085036216{margin-top: 40px !important;margin-bottom: 40px !important;}&#8221;][vc_column activate_box=&#8221;yes&#8221; klb_responsive=&#8221;.vc_custom_1546420687083{padding-right: 0px !important;padding-left: 0px !important;}&#8221; css=&#8221;.vc_custom_1546420687080{padding-left: 0px !important;}&#8221;][vc_column_text el_class=&#8221;block-title&#8221;] Contact us [\/vc_column_text][\/vc_column][\/vc_row]<\/p>\n","protected":false},"author":1,"featured_media":0,"parent":0,"menu_order":0,"comment_status":"closed","ping_status":"closed","template":"","meta":{"footnotes":""},"class_list":["post-2200","page","type-page","status-publish","hentry","blog_entry clearfix"],"yoast_head":"<!-- This site is optimized with the Yoast SEO plugin v27.1.1 - https:\/\/yoast.com\/product\/yoast-seo-wordpress\/ -->\n<title>Contact - Coches Ocasi\u00f3n 4all<\/title>\n<meta name=\"robots\" content=\"index, follow, max-snippet:-1, max-image-preview:large, max-video-preview:-1\" \/>\n<link rel=\"canonical\" href=\"https:\/\/www.cochesocasion4all.es\/en\/contact\/\" \/>\n<meta property=\"og:locale\" content=\"en_US\" \/>\n<meta property=\"og:type\" content=\"article\" \/>\n<meta property=\"og:title\" content=\"Contact - Coches Ocasi\u00f3n 4all\" \/>\n<meta property=\"og:description\" content=\"[vc_row full_width=&#8221;stretch_row_content_no_spaces&#8221;][vc_column][\/vc_column][\/vc_row][vc_row gap=&#8221;1&#8243; css=&#8221;.vc_custom_1558781524514{margin-top: 40px !important;}&#8221;][vc_column][vc_column_text][\/vc_column_text][\/vc_column][\/vc_row][vc_row css=&#8221;.vc_custom_1559085036216{margin-top: 40px !important;margin-bottom: 40px !important;}&#8221;][vc_column activate_box=&#8221;yes&#8221; klb_responsive=&#8221;.vc_custom_1546420687083{padding-right: 0px !important;padding-left: 0px !important;}&#8221; css=&#8221;.vc_custom_1546420687080{padding-left: 0px !important;}&#8221;][vc_column_text el_class=&#8221;block-title&#8221;] Contact us [\/vc_column_text][\/vc_column][\/vc_row]\" \/>\n<meta property=\"og:url\" content=\"https:\/\/www.cochesocasion4all.es\/en\/contact\/\" \/>\n<meta property=\"og:site_name\" content=\"Coches Ocasi\u00f3n 4all\" \/>\n<meta property=\"article:modified_time\" content=\"2020-09-25T07:33:01+00:00\" \/>\n<meta name=\"twitter:card\" content=\"summary_large_image\" \/>\n<script type=\"application\/ld+json\" class=\"yoast-schema-graph\">{\"@context\":\"https:\/\/schema.org\",\"@graph\":[{\"@type\":\"WebPage\",\"@id\":\"https:\/\/www.cochesocasion4all.es\/en\/contact\/\",\"url\":\"https:\/\/www.cochesocasion4all.es\/en\/contact\/\",\"name\":\"Contact - Coches Ocasi\u00f3n 4all\",\"isPartOf\":{\"@id\":\"https:\/\/www.cochesocasion4all.es\/en\/#website\"},\"datePublished\":\"2020-09-18T08:03:58+00:00\",\"dateModified\":\"2020-09-25T07:33:01+00:00\",\"breadcrumb\":{\"@id\":\"https:\/\/www.cochesocasion4all.es\/en\/contact\/#breadcrumb\"},\"inLanguage\":\"en-US\",\"potentialAction\":[{\"@type\":\"ReadAction\",\"target\":[\"https:\/\/www.cochesocasion4all.es\/en\/contact\/\"]}]},{\"@type\":\"BreadcrumbList\",\"@id\":\"https:\/\/www.cochesocasion4all.es\/en\/contact\/#breadcrumb\",\"itemListElement\":[{\"@type\":\"ListItem\",\"position\":1,\"name\":\"Portada\",\"item\":\"https:\/\/www.cochesocasion4all.es\/en\/\"},{\"@type\":\"ListItem\",\"position\":2,\"name\":\"Contact\"}]},{\"@type\":\"WebSite\",\"@id\":\"https:\/\/www.cochesocasion4all.es\/en\/#website\",\"url\":\"https:\/\/www.cochesocasion4all.es\/en\/\",\"name\":\"Coches Ocasi\u00f3n 4all\",\"description\":\"Coches y veh\u00edculos de ocasi\u00f3n | Coches 1 solo due\u00f1o | Pocos Km - Coches de ocasi\u00f3n para todos\",\"publisher\":{\"@id\":\"https:\/\/www.cochesocasion4all.es\/en\/#organization\"},\"potentialAction\":[{\"@type\":\"SearchAction\",\"target\":{\"@type\":\"EntryPoint\",\"urlTemplate\":\"https:\/\/www.cochesocasion4all.es\/en\/?s={search_term_string}\"},\"query-input\":{\"@type\":\"PropertyValueSpecification\",\"valueRequired\":true,\"valueName\":\"search_term_string\"}}],\"inLanguage\":\"en-US\"},{\"@type\":\"Organization\",\"@id\":\"https:\/\/www.cochesocasion4all.es\/en\/#organization\",\"name\":\"Coches Ocasi\u00f3n 4all\",\"url\":\"https:\/\/www.cochesocasion4all.es\/en\/\",\"logo\":{\"@type\":\"ImageObject\",\"inLanguage\":\"en-US\",\"@id\":\"https:\/\/www.cochesocasion4all.es\/en\/#\/schema\/logo\/image\/\",\"url\":\"https:\/\/www.cochesocasion4all.es\/wp-content\/uploads\/2021\/05\/LOGO-HORIZONTAL-PRINCIPAL-mediano.png\",\"contentUrl\":\"https:\/\/www.cochesocasion4all.es\/wp-content\/uploads\/2021\/05\/LOGO-HORIZONTAL-PRINCIPAL-mediano.png\",\"width\":800,\"height\":279,\"caption\":\"Coches Ocasi\u00f3n 4all\"},\"image\":{\"@id\":\"https:\/\/www.cochesocasion4all.es\/en\/#\/schema\/logo\/image\/\"}}]}<\/script>\n<!-- \/ Yoast SEO plugin. -->","yoast_head_json":{"title":"Contact - Coches Ocasi\u00f3n 4all","robots":{"index":"index","follow":"follow","max-snippet":"max-snippet:-1","max-image-preview":"max-image-preview:large","max-video-preview":"max-video-preview:-1"},"canonical":"https:\/\/www.cochesocasion4all.es\/en\/contact\/","og_locale":"en_US","og_type":"article","og_title":"Contact - Coches Ocasi\u00f3n 4all","og_description":"[vc_row full_width=&#8221;stretch_row_content_no_spaces&#8221;][vc_column][\/vc_column][\/vc_row][vc_row gap=&#8221;1&#8243; css=&#8221;.vc_custom_1558781524514{margin-top: 40px !important;}&#8221;][vc_column][vc_column_text][\/vc_column_text][\/vc_column][\/vc_row][vc_row css=&#8221;.vc_custom_1559085036216{margin-top: 40px !important;margin-bottom: 40px !important;}&#8221;][vc_column activate_box=&#8221;yes&#8221; klb_responsive=&#8221;.vc_custom_1546420687083{padding-right: 0px !important;padding-left: 0px !important;}&#8221; css=&#8221;.vc_custom_1546420687080{padding-left: 0px !important;}&#8221;][vc_column_text el_class=&#8221;block-title&#8221;] Contact us [\/vc_column_text][\/vc_column][\/vc_row]","og_url":"https:\/\/www.cochesocasion4all.es\/en\/contact\/","og_site_name":"Coches Ocasi\u00f3n 4all","article_modified_time":"2020-09-25T07:33:01+00:00","twitter_card":"summary_large_image","schema":{"@context":"https:\/\/schema.org","@graph":[{"@type":"WebPage","@id":"https:\/\/www.cochesocasion4all.es\/en\/contact\/","url":"https:\/\/www.cochesocasion4all.es\/en\/contact\/","name":"Contact - Coches Ocasi\u00f3n 4all","isPartOf":{"@id":"https:\/\/www.cochesocasion4all.es\/en\/#website"},"datePublished":"2020-09-18T08:03:58+00:00","dateModified":"2020-09-25T07:33:01+00:00","breadcrumb":{"@id":"https:\/\/www.cochesocasion4all.es\/en\/contact\/#breadcrumb"},"inLanguage":"en-US","potentialAction":[{"@type":"ReadAction","target":["https:\/\/www.cochesocasion4all.es\/en\/contact\/"]}]},{"@type":"BreadcrumbList","@id":"https:\/\/www.cochesocasion4all.es\/en\/contact\/#breadcrumb","itemListElement":[{"@type":"ListItem","position":1,"name":"Portada","item":"https:\/\/www.cochesocasion4all.es\/en\/"},{"@type":"ListItem","position":2,"name":"Contact"}]},{"@type":"WebSite","@id":"https:\/\/www.cochesocasion4all.es\/en\/#website","url":"https:\/\/www.cochesocasion4all.es\/en\/","name":"Coches Ocasi\u00f3n 4all","description":"Coches y veh\u00edculos de ocasi\u00f3n | Coches 1 solo due\u00f1o | Pocos Km - Coches de ocasi\u00f3n para todos","publisher":{"@id":"https:\/\/www.cochesocasion4all.es\/en\/#organization"},"potentialAction":[{"@type":"SearchAction","target":{"@type":"EntryPoint","urlTemplate":"https:\/\/www.cochesocasion4all.es\/en\/?s={search_term_string}"},"query-input":{"@type":"PropertyValueSpecification","valueRequired":true,"valueName":"search_term_string"}}],"inLanguage":"en-US"},{"@type":"Organization","@id":"https:\/\/www.cochesocasion4all.es\/en\/#organization","name":"Coches Ocasi\u00f3n 4all","url":"https:\/\/www.cochesocasion4all.es\/en\/","logo":{"@type":"ImageObject","inLanguage":"en-US","@id":"https:\/\/www.cochesocasion4all.es\/en\/#\/schema\/logo\/image\/","url":"https:\/\/www.cochesocasion4all.es\/wp-content\/uploads\/2021\/05\/LOGO-HORIZONTAL-PRINCIPAL-mediano.png","contentUrl":"https:\/\/www.cochesocasion4all.es\/wp-content\/uploads\/2021\/05\/LOGO-HORIZONTAL-PRINCIPAL-mediano.png","width":800,"height":279,"caption":"Coches Ocasi\u00f3n 4all"},"image":{"@id":"https:\/\/www.cochesocasion4all.es\/en\/#\/schema\/logo\/image\/"}}]}},"_links":{"self":[{"href":"https:\/\/www.cochesocasion4all.es\/en\/wp-json\/wp\/v2\/pages\/2200","targetHints":{"allow":["GET"]}}],"collection":[{"href":"https:\/\/www.cochesocasion4all.es\/en\/wp-json\/wp\/v2\/pages"}],"about":[{"href":"https:\/\/www.cochesocasion4all.es\/en\/wp-json\/wp\/v2\/types\/page"}],"author":[{"embeddable":true,"href":"https:\/\/www.cochesocasion4all.es\/en\/wp-json\/wp\/v2\/users\/1"}],"replies":[{"embeddable":true,"href":"https:\/\/www.cochesocasion4all.es\/en\/wp-json\/wp\/v2\/comments?post=2200"}],"version-history":[{"count":4,"href":"https:\/\/www.cochesocasion4all.es\/en\/wp-json\/wp\/v2\/pages\/2200\/revisions"}],"predecessor-version":[{"id":2600,"href":"https:\/\/www.cochesocasion4all.es\/en\/wp-json\/wp\/v2\/pages\/2200\/revisions\/2600"}],"wp:attachment":[{"href":"https:\/\/www.cochesocasion4all.es\/en\/wp-json\/wp\/v2\/media?parent=2200"}],"curies":[{"name":"wp","href":"https:\/\/api.w.org\/{rel}","templated":true}]}}